{"id":34,"date":"2023-05-09T11:35:02","date_gmt":"2023-05-09T11:35:02","guid":{"rendered":"https:\/\/staging.vegeta.com\/hr\/?page_id=34"},"modified":"2023-10-03T12:46:57","modified_gmt":"2023-10-03T12:46:57","slug":"pravila-i-uvjeti-koristenja","status":"publish","type":"page","link":"https:\/\/staging.vegeta.com\/hr\/pravila-i-uvjeti-koristenja\/","title":{"rendered":"Pravila i uvjeti kori\u0161tenja"},"content":{"rendered":"\n<p>Web stranicu https:\/\/vegeta.com\/hr (dalje u tekstu: web lokacija) pokrenula je i ure\u0111uje Podravka d.d. (dalje u tekstu: Podravka ili mi).<\/p>\n\n\n\n<p>Prvim kori\u0161tenjem web lokacije smatra se da ste u cijelosti upoznati s ovim Uvjetima, da su vam jasni i da ih prihva\u0107ate. Ako niste suglasni s njima, molimo da ne pristupate web lokaciji i da ne koristite njezine sadr\u017eaje. Ako imate bilo kakvih pitanja ili nejasno\u0107a vezanih za Uvjete kori\u0161tenja, molimo da se obratite na\u0161em uredni\u0161tvu na adresu vegeta@vegeta.hr.<br><br>Zadr\u017eavamo pravo da izmijenimo izgled i sadr\u017eaj web lokacije te Uvjete kori\u0161tenja stoga vas molimo da iste povremeno prou\u010dite kako biste se upoznali s mogu\u0107im promjenama. Smatrat \u0107emo da va\u0161e naknadno kori\u0161tenje web lokacije predstavlja va\u0161e prihva\u0107anje svih eventualnih izmjena.<\/p>\n\n\n\n<p>Predmetni uvjeti odnose se na nekoliko segmenata:<\/p>\n\n\n\n<ol class=\"wp-block-list\">\n<li>Uvjeti kori\u0161tenja.<\/li>\n\n\n\n<li>Autorska i ostala prava intelektualnog vlasni\u0161tva.<\/li>\n\n\n\n<li>Jamstva i uskra\u0107ivanje prava.<\/li>\n\n\n\n<li>Registracija<\/li>\n\n\n\n<li>Linkovi<\/li>\n\n\n\n<li>Promjene i prestanak va\u017eenja.<\/li>\n<\/ol>\n\n\n\n<h2 class=\"wp-block-heading\">1. Uvjeti kori\u0161tenja<\/h2>\n\n\n\n<h3 class=\"wp-block-heading\"><strong>Dopu\u0161teno kori\u0161tenje<\/strong><\/h3>\n\n\n\n<p>Preuzimanje i ispis svakog obrasca, kao npr. za narud\u017ebu i sl., te pregled drugih materijala i sadr\u017eaja na ovoj adresi mogu\u0107e je samo u osobne svrhe. Zabranjeno je javno prikazivanje, preno\u0161enje, objavljivanje, mijenjanje, reproduciranje, distribuiranje, sudjelovanje u prijenosu ili prodaji, izradi kopija, otpremanju te svakoj drugoj vrsti uporabe cjelovitog sadr\u017eaja web lokacije ili jednog njihova dijela te odabir i uskla\u0111ivanje njihova sadr\u017eaja, bez izri\u010ditog pismenog dopu\u0161tenja Podravke d.d. i drugih nositelja autorskih i ostalih prava intelektualnog vlasni\u0161tva. Ako je takvo dopu\u0161tenje izdano, nije dopu\u0161teno brisati ili mijenjati postoje\u0107e podatke koji se odnose na autorsko pravo i\/ili na trgova\u010dki znak ili drugo pravo intelektualnog vlasni\u0161tva.<\/p>\n\n\n\n<h3 class=\"wp-block-heading\"><strong>Kori\u0161tenje u trgova\u010dke svrhe<\/strong><\/h3>\n\n\n\n<p>Zabranjeno je koristiti web lokaciju za trgovinu, prodaju te u druge trgova\u010dke svrhe osim kupnje od Podravke d.d. Svako objavljivanje reklama ili prikupljanje ponuda za proizvode i usluge nije dopu\u0161teno bez pismenog odobrenja Podravke. Zabranjuje se preno\u0161enje i objavljivanje opscenih, uvredljivih, vulgarnih, prijete\u0107ih ili nepristojnih, ili na drugi na\u010din neprihvatljivih ili protuzakonitih sadr\u017eaja, kao i onih kojima se vr\u0161i povreda nekih od prava bilo koje strane te posebno sadr\u017eaja koji sadr\u017ee viruse ili drugi \u0161tetan materijal. Korisnici preuzimaju odgovornost za svaku \u0161tetu koja je posljedica njihovih aktivnosti koje nisu u skladu s prethodno navedenim, kao i za drugu vrstu \u0161tete koja bi iz toga mogla proizi\u0107i. Podravka d.d. pridr\u017eava pravo (ali ne i obvezu) da materijale i sadr\u017eaje koje korisnici objavljuju na web lokaciji, u cijelosti ili djelomi\u010dno izbri\u0161e.<\/p>\n\n\n\n<h3 class=\"wp-block-heading\"><strong>Dostavljanje sadr\u017eaja i materijala<\/strong><\/h3>\n\n\n\n<p>Dostavljanjem sadr\u017eaja i materijala (uklju\u010duju\u0107i, ali ne isklju\u010divo, prijedloge, ideje, crte\u017ee, recepte) na ovu adresu, automatski izdajete (ili jam\u010dite da je vlasnik materijala izri\u010dito dopustio) Podravki d.d. neopoziva, stalna i ekskluzivna prava i licenciju za kori\u0161tenje, adaptiranje i mijenjanje, uklapanje u druge radove, prijevode, objavljivanje, prijenos i distribuciju po \u010ditavom svijetu spomenutog materijala u bilo kojem obliku i kroz sve do sada poznate i budu\u0107e medije u bilo koju svrhu i bez naknade. Uvjeti ove to\u010dke va\u017ee i nakon prestanka va\u017enosti ovih Uvjeta.<\/p>\n\n\n\n<h2 class=\"wp-block-heading\">2. Autorska i ostala prava intelektualnog vlasni\u0161tva<\/h2>\n\n\n\n<p>Sadr\u017eaj web lokacije za\u0161ti\u0107en je autorskim pravima koja pripadaju Podravki d.d., ili su ustupljena Podravki.d.d., a u vlasni\u0161tvu su tre\u0107ih osoba. Podravka d.d. tako\u0111er posjeduje autorsko pravo ure\u0111ivanja, izbora i uskla\u0111ivanja sadr\u017eaja web lokacije. Nadalje, web lokacija sadr\u017ei za\u0161titne znakove, imena pojedinaca i druge sadr\u017eaje intelektualnog vlasni\u0161tva u vlasni\u0161tvu Podravke d.d ili tre\u0107ih osoba, a Podravka je nositelj licencije. Ne smijete smatrati da je bilo koji sadr\u017eaj na web lokaciji za upotrebu bez ograni\u010denja. Mo\u017ee se zatra\u017eiti dozvola za umno\u017eavanje.<\/p>\n\n\n\n<h3 class=\"wp-block-heading\"><strong>Slike i video<\/strong><\/h3>\n\n\n\n<p>Sve fotografije, slike, video zapisi, biografski podaci osoba i\/ili ostali materijali koji se pojavljuju na web lokaciji isklju\u010divo su vlasni\u0161tvo Podravke d.d. Autorska i ostala prava intelektualnog vlasni\u0161tva na svim materijalima koji se nalaze na web lokaciji pripadaju Podravki d.d. Sva prava su pridr\u017eana. Dopu\u0161tenje se daje subjektima radi kori\u0161tenja tih materijala isklju\u010divo u promid\u017ebene, uredni\u010dke i informativne svrhe objavljivanja u novinama, \u010dasopisima i elektronskim medijima. Druga\u010dija upotreba materijala s web lokacije nije dopu\u0161tena. Tako\u0111er, nije dopu\u0161tena upotreba bilo kojeg materijala s web lokacije u svezi s prodajom ili nu\u0111enjem na prodaju proizvoda ili usluga bilo koje vrste. Definirano dopu\u0161tenje i na\u010din kori\u0161tenja web lokacije ne smije se prenositi, podugovarati ili dodjeljivati i svaki namjeravani i poku\u0161ani prijenos, podugovaranje ili dodjeljivanje smatrat \u0107e se ni\u0161tavnim. Kori\u0161tenjem materijala s web lokacije, medijski korisnici obvezuju se u potpunosti pridr\u017eavati ovdje utvr\u0111enih ograni\u010denja, uvjeta i zahtjeva.<\/p>\n\n\n\n<h2 class=\"wp-block-heading\">3. Jamstva i uskra\u0107ivanje prava<\/h2>\n\n\n\n<p>Podravka d.d. ula\u017ee razuman napor kako bi se na web lokaciji objavljivali to\u010dni i aktualni podaci, ali ne preuzima odgovornost za to\u010dnost i potpunost istih, kao \u0161to i ne daje pravo prigovora u tom smislu. Osim jamstava za proizvode koje je Podravka d.d. izri\u010dito objavila, Podravka nagla\u0161ava da sve materijale i sadr\u017eaje na web lokaciji treba uzeti &#8220;takvima kakvi jesu&#8221;, te se Podravka d.d. ne smatra odgovornim za eventualne posljedice koje mogu proizi\u0107i iz druga\u010dijeg tuma\u010denja materijala i sadr\u017eaja na web lokaciji. Podravka d.d. ne jam\u010di da \u0107e web lokacija uvijek biti dostupna i raspolo\u017eiva, te da ne\u0107e sadr\u017eavati pogre\u0161ke ili viruse. Svaki korisnik izri\u010dito prihva\u0107a kori\u0161tenje web lokacije na svoju vlastitu odgovornost.<\/p>\n\n\n\n<p>Podravka d.d. ne odgovara za \u0161tetu ili povredu (uklju\u010duju\u0107i, ali ne isklju\u010divo, posebnu ili posljedi\u010dnu \u0161tetu) koja mo\u017ee biti rezultat kori\u0161tenja ili nemogu\u0107nosti kori\u0161tenja bilo kojeg dijela web lokacije, ili sadr\u017eaja koji su na njoj objavili ili dodali drugi korisnici.<\/p>\n\n\n\n<p>Medijski subjekti i ostali korisnici koji koriste web lokaciju, izrijekom prihva\u0107aju obe\u0161tetiti Podravku d.d. za bilo kakva i sva potra\u017eivanja, tro\u0161kove, \u0161tete ili odgovornosti koje nastaju nesavjesnim kori\u0161tenjem materijala s web lokacije od strane istog korisnika, uklju\u010duju\u0107i i bilo kakvu izravnu, neizravnu, slu\u010dajnu, posebnu ili posljedi\u010dnu \u0161tetu.<\/p>\n\n\n\n<p>Nadalje, Podravka d.d. i dobavlja\u010di ne preuzimaju nikakvu zakonsku odgovornost za to\u010dnost, potpunost ili korisnost podataka, ure\u0111aja, proizvoda ili postupaka ovdje prikazanih, te ne jam\u010de da kori\u0161tenje informacija, ure\u0111aja, proizvoda ili postupaka ne\u0107e uznemiravati privatna prava.<\/p>\n\n\n\n<h3 class=\"wp-block-heading\"><strong>Uskra\u0107ivanje prava na reklamiranje<\/strong><\/h3>\n\n\n\n<p>Spominjanje bilo kojeg konkretnog proizvoda, postupka ili usluge koja ima tr\u017ei\u0161no ime, za\u0161titni znak, proizvo\u0111a\u010da, ili sli\u010dno, ne zna\u010di nu\u017eno da ga Podravka d.d. ili bilo koji od njezinih zaposlenika i dobavlja\u010da reklamira, preporu\u010duje ili favorizira.<\/p>\n\n\n\n<h3 class=\"wp-block-heading\"><strong>Uskra\u0107ivanje prava na vanjske veze<\/strong><\/h3>\n\n\n\n<p>Pojava vanjskih hiperlinkova ne zna\u010di da Podravka d.d., dobavlja\u010di ili pokrovitelji reklamiraju takve vanjske web lokacije, ili informacije, proizvode ili usluge koje oni sadr\u017ee. Podravka d.d. niti bilo koji od njezinih zaposlenika, pokrovitelja i dobavlja\u010da nema kontrolu nad informacijama koje sadr\u017ee takve vanjske lokacije. Vanjske veze na web lokaciji u skladu su s politikom Podravke d.d., koja nije odgovorna za sadr\u017eaj bilo kojeg povezanog <em>sitea <\/em>koji je dobila od svojih poslu\u017eitelja. Veze mogu uklju\u010divati tekstualne linkove, male slike, ikone ili sli\u010dice koje ilustriraju vezu, a ne reklamiraju proizvode ili usluge.<\/p>\n\n\n\n<h2 class=\"wp-block-heading\">4. Registracija<\/h2>\n\n\n\n<p>Registracijom na <em>Web lokaciji<\/em> postajete \u010dlan zajednice \u0161to vam omogu\u0107ava besplatno kori\u0161tenje velikog broja interaktivnih sadr\u017eaja i funkcionalnosti o kojima se korisnici obavje\u0161tavaju na samim stranicama <em>Web lokacije<\/em>.&nbsp;<\/p>\n\n\n\n<p>Registracijom tako\u0111er dobivate mogu\u0107nost spremanja zanimljivog sadr\u017eaja na va\u0161 korisni\u010dki profil.<\/p>\n\n\n\n<p>Registrirati se mo\u017ee samo punoljetna, potpuno poslovno sposobna osoba. Registracija je mogu\u0107a samo ako prethodno prihvatite ove uvjete kori\u0161tenja te se upoznate s na\u010dinom na koji va\u0161e osobne podatke koje unesete prikupljamo, obra\u0111ujemo i koristimo u skladu s na\u0161im Pravilima za\u0161tite privatnosti. Prilikom registracije du\u017eni ste unositi to\u010dne i istinite podatke. Ne dopu\u0161tamo kori\u0161tenje imena koje je neprikladno, uvredljivo ili vulgarno. Zadr\u017eavamo pravo obrisati takva imena bez prethodne obavijesti.<\/p>\n\n\n\n<p>Prilikom registracije, mo\u017eete izabrati primanje besplatnih elektronskih obavijesti o novostima s web stranice (e-newsletter) kao i posebnih obavijesti. Ako izaberete primanje posebnih obavijesti, izra\u017eavate svoj pristanak za primanje reklamnih i drugih obavijesti o proizvodima i uslugama vezanima za kulinarstvo, hranu, zdravlje i sli\u010dne teme. Jednako tako se mo\u017eete prijaviti na <em>online<\/em> istra\u017eivanja vezana uz sadr\u017eaje i funkcionalnosti <em>Web lokacije <\/em>te proizvodni program Podravke.<\/p>\n\n\n\n<p>Nakon izvr\u0161ene registracije dobivate vlastiti korisni\u010dki ra\u010dun. Sve podatke o svom korisni\u010dkom ra\u010dunu, a osobito odabranu lozinku, du\u017eni ste \u010duvati kao povjerljive podatke. Ne preuzimamo odgovornost za \u0161tetu koja vama, drugim korisnicima ili tre\u0107oj osobi mo\u017ee biti uzrokovana zbog kori\u0161tenja korisni\u010dkog ra\u010duna bez autorizacije, odnosno druge zlouporabe podataka koji su dostupni na korisni\u010dkom ra\u010dunu. Ako uo\u010dite neautorizirano kori\u0161tenje va\u0161eg korisni\u010dkog ra\u010duna, odnosno njegovu zlouporabu, molimo da o tome odmah obavijestite na\u0161e Uredni\u0161tvo.<\/p>\n\n\n\n<p>Vlastiti korisni\u010dki ra\u010dun mo\u017eete izbrisati tako da se javite na e-mail vegeta@vegeta.hr.<\/p>\n\n\n\n<p>Prestankom registracije ne prestaje va\u0161a odgovornost za mogu\u0107e povrede koje ste po\u010dinili i\/ili \u0161tetu koju ste prouzro\u010dili za vrijeme trajanja va\u0161e registracije.<\/p>\n\n\n\n<h2 class=\"wp-block-heading\">5. Linkovi<\/h2>\n\n\n\n<p>\u010cinimo sve \u0161to je u na\u0161oj mo\u0107i kako bismo osigurali da sva preusmjeravanja s na\u0161ih web stranica upute vas i\/ili va\u0161e dijete na web stranice \u010diji je sadr\u017eaj kvalitetan u smislu da ne poti\u010de negativnosti. Me\u0111utim, stranice i adrese na webu se brzo mijenjaju, i ne mo\u017eemo uvijek jam\u010diti za sadr\u017eaj svake adrese na koju vas usmjerimo.&nbsp;<\/p>\n\n\n\n<h2 class=\"wp-block-heading\">6. Promjene i prestanak uvjeta kori\u0161tenja<\/h2>\n\n\n\n<p>Podravka d.d. pridr\u017eava pravo izmjene ili prekida svih ili bilo kojeg dijela ove web lokacije te uvjeta kori\u0161tenja u bilo kojem trenutku. Promjene stupaju na snagu objavljivanjem na ovoj adresi ili kada su korisnici o njima obavije\u0161teni. Uvjeti kori\u0161tenja primjenjuju se do raskida istih od va\u0161e strane ili od strane Podravke d.d. Va\u0161 raskid, mogu\u0107 u bilo kojem trenutku, zna\u010di prestanak kori\u0161tenja web lokacije i poni\u0161tenje svih materijala i sadr\u017eaja &#8220;skinutih&#8221; i kori\u0161tenih s iste web lokacije.<\/p>\n\n\n\n<p>A\u017eurirano 2.10.2023.<\/p>\n","protected":false},"excerpt":{"rendered":"<p>Web stranicu https:\/\/vegeta.com\/hr (dalje u tekstu: web lokacija) pokrenula je i ure\u0111uje Podravka d.d. (dalje u tekstu: Podravka ili mi). Prvim kori\u0161tenjem web lokacije smatra se da ste u cijelosti upoznati s ovim Uvjetima, da su vam jasni i da ih prihva\u0107ate. Ako niste suglasni s njima, molimo da ne pristupate web lokaciji i da [&hellip;]<\/p>\n","protected":false},"author":3,"featured_media":0,"parent":0,"menu_order":0,"comment_status":"closed","ping_status":"closed","template":"","meta":{"_acf_changed":false,"ep_exclude_from_search":false,"footnotes":""},"class_list":["post-34","page","type-page","status-publish","hentry"],"acf":[],"yoast_head":"<!-- This site is optimized with the Yoast SEO plugin v25.1 - https:\/\/yoast.com\/wordpress\/plugins\/seo\/ -->\n<title>Pravila i uvjeti kori\u0161tenja - Vegeta<\/title>\n<meta name=\"robots\" content=\"index, follow, max-snippet:-1, max-image-preview:large, max-video-preview:-1\" \/>\n<link rel=\"canonical\" href=\"https:\/\/staging.vegeta.com\/hr\/pravila-i-uvjeti-koristenja\/\" \/>\n<meta property=\"og:locale\" content=\"hr_HR\" \/>\n<meta property=\"og:type\" content=\"article\" \/>\n<meta property=\"og:title\" content=\"Pravila i uvjeti kori\u0161tenja - Vegeta\" \/>\n<meta property=\"og:description\" content=\"Web stranicu https:\/\/vegeta.com\/hr (dalje u tekstu: web lokacija) pokrenula je i ure\u0111uje Podravka d.d. (dalje u tekstu: Podravka ili mi). Prvim kori\u0161tenjem web lokacije smatra se da ste u cijelosti upoznati s ovim Uvjetima, da su vam jasni i da ih prihva\u0107ate. Ako niste suglasni s njima, molimo da ne pristupate web lokaciji i da [&hellip;]\" \/>\n<meta property=\"og:url\" content=\"https:\/\/staging.vegeta.com\/hr\/pravila-i-uvjeti-koristenja\/\" \/>\n<meta property=\"og:site_name\" content=\"Vegeta\" \/>\n<meta property=\"article:modified_time\" content=\"2023-10-03T12:46:57+00:00\" \/>\n<meta property=\"og:image\" content=\"https:\/\/cdn.staging.vegeta.com\/cro\/2023\/09\/b4f3b662f89df0ae374bd0db0c1e4c88.jpeg\" \/>\n\t<meta property=\"og:image:width\" content=\"1200\" \/>\n\t<meta property=\"og:image:height\" content=\"630\" \/>\n\t<meta property=\"og:image:type\" content=\"image\/jpeg\" \/>\n<meta name=\"twitter:card\" content=\"summary_large_image\" \/>\n<meta name=\"twitter:label1\" content=\"Est. reading time\" \/>\n\t<meta name=\"twitter:data1\" content=\"7 minuta\" \/>\n<script type=\"application\/ld+json\" class=\"yoast-schema-graph\">{\"@context\":\"https:\/\/schema.org\",\"@graph\":[{\"@type\":\"WebPage\",\"@id\":\"https:\/\/staging.vegeta.com\/hr\/pravila-i-uvjeti-koristenja\/\",\"url\":\"https:\/\/staging.vegeta.com\/hr\/pravila-i-uvjeti-koristenja\/\",\"name\":\"Pravila i uvjeti kori\u0161tenja - Vegeta\",\"isPartOf\":{\"@id\":\"https:\/\/staging.vegeta.com\/hr\/#website\"},\"datePublished\":\"2023-05-09T11:35:02+00:00\",\"dateModified\":\"2023-10-03T12:46:57+00:00\",\"breadcrumb\":{\"@id\":\"https:\/\/staging.vegeta.com\/hr\/pravila-i-uvjeti-koristenja\/#breadcrumb\"},\"inLanguage\":\"hr\",\"potentialAction\":[{\"@type\":\"ReadAction\",\"target\":[\"https:\/\/staging.vegeta.com\/hr\/pravila-i-uvjeti-koristenja\/\"]}]},{\"@type\":\"BreadcrumbList\",\"@id\":\"https:\/\/staging.vegeta.com\/hr\/pravila-i-uvjeti-koristenja\/#breadcrumb\",\"itemListElement\":[{\"@type\":\"ListItem\",\"position\":1,\"name\":\"Home\",\"item\":\"https:\/\/staging.vegeta.com\/hr\/\"},{\"@type\":\"ListItem\",\"position\":2,\"name\":\"Pravila i uvjeti kori\u0161tenja\"}]},{\"@type\":\"WebSite\",\"@id\":\"https:\/\/staging.vegeta.com\/hr\/#website\",\"url\":\"https:\/\/staging.vegeta.com\/hr\/\",\"name\":\"Vegeta\",\"description\":\"\",\"publisher\":{\"@id\":\"https:\/\/staging.vegeta.com\/hr\/#organization\"},\"potentialAction\":[{\"@type\":\"SearchAction\",\"target\":{\"@type\":\"EntryPoint\",\"urlTemplate\":\"https:\/\/staging.vegeta.com\/hr\/?s={search_term_string}\"},\"query-input\":{\"@type\":\"PropertyValueSpecification\",\"valueRequired\":true,\"valueName\":\"search_term_string\"}}],\"inLanguage\":\"hr\"},{\"@type\":\"Organization\",\"@id\":\"https:\/\/staging.vegeta.com\/hr\/#organization\",\"name\":\"Vegeta\",\"url\":\"https:\/\/staging.vegeta.com\/hr\/\",\"logo\":{\"@type\":\"ImageObject\",\"inLanguage\":\"hr\",\"@id\":\"https:\/\/staging.vegeta.com\/hr\/#\/schema\/logo\/image\/\",\"url\":\"https:\/\/cdn.staging.vegeta.com\/cro\/2023\/09\/image-vegeta-app-1024.png\",\"contentUrl\":\"https:\/\/cdn.staging.vegeta.com\/cro\/2023\/09\/image-vegeta-app-1024.png\",\"width\":946,\"height\":944,\"caption\":\"Vegeta\"},\"image\":{\"@id\":\"https:\/\/staging.vegeta.com\/hr\/#\/schema\/logo\/image\/\"}}]}<\/script>\n<!-- \/ Yoast SEO plugin. -->","yoast_head_json":{"title":"Pravila i uvjeti kori\u0161tenja - Vegeta","robots":{"index":"index","follow":"follow","max-snippet":"max-snippet:-1","max-image-preview":"max-image-preview:large","max-video-preview":"max-video-preview:-1"},"canonical":"https:\/\/staging.vegeta.com\/hr\/pravila-i-uvjeti-koristenja\/","og_locale":"hr_HR","og_type":"article","og_title":"Pravila i uvjeti kori\u0161tenja - Vegeta","og_description":"Web stranicu https:\/\/vegeta.com\/hr (dalje u tekstu: web lokacija) pokrenula je i ure\u0111uje Podravka d.d. (dalje u tekstu: Podravka ili mi). Prvim kori\u0161tenjem web lokacije smatra se da ste u cijelosti upoznati s ovim Uvjetima, da su vam jasni i da ih prihva\u0107ate. Ako niste suglasni s njima, molimo da ne pristupate web lokaciji i da [&hellip;]","og_url":"https:\/\/staging.vegeta.com\/hr\/pravila-i-uvjeti-koristenja\/","og_site_name":"Vegeta","article_modified_time":"2023-10-03T12:46:57+00:00","og_image":[{"width":1200,"height":630,"url":"https:\/\/cdn.staging.vegeta.com\/cro\/2023\/09\/b4f3b662f89df0ae374bd0db0c1e4c88.jpeg","type":"image\/jpeg"}],"twitter_card":"summary_large_image","twitter_misc":{"Est. reading time":"7 minuta"},"schema":{"@context":"https:\/\/schema.org","@graph":[{"@type":"WebPage","@id":"https:\/\/staging.vegeta.com\/hr\/pravila-i-uvjeti-koristenja\/","url":"https:\/\/staging.vegeta.com\/hr\/pravila-i-uvjeti-koristenja\/","name":"Pravila i uvjeti kori\u0161tenja - Vegeta","isPartOf":{"@id":"https:\/\/staging.vegeta.com\/hr\/#website"},"datePublished":"2023-05-09T11:35:02+00:00","dateModified":"2023-10-03T12:46:57+00:00","breadcrumb":{"@id":"https:\/\/staging.vegeta.com\/hr\/pravila-i-uvjeti-koristenja\/#breadcrumb"},"inLanguage":"hr","potentialAction":[{"@type":"ReadAction","target":["https:\/\/staging.vegeta.com\/hr\/pravila-i-uvjeti-koristenja\/"]}]},{"@type":"BreadcrumbList","@id":"https:\/\/staging.vegeta.com\/hr\/pravila-i-uvjeti-koristenja\/#breadcrumb","itemListElement":[{"@type":"ListItem","position":1,"name":"Home","item":"https:\/\/staging.vegeta.com\/hr\/"},{"@type":"ListItem","position":2,"name":"Pravila i uvjeti kori\u0161tenja"}]},{"@type":"WebSite","@id":"https:\/\/staging.vegeta.com\/hr\/#website","url":"https:\/\/staging.vegeta.com\/hr\/","name":"Vegeta","description":"","publisher":{"@id":"https:\/\/staging.vegeta.com\/hr\/#organization"},"potentialAction":[{"@type":"SearchAction","target":{"@type":"EntryPoint","urlTemplate":"https:\/\/staging.vegeta.com\/hr\/?s={search_term_string}"},"query-input":{"@type":"PropertyValueSpecification","valueRequired":true,"valueName":"search_term_string"}}],"inLanguage":"hr"},{"@type":"Organization","@id":"https:\/\/staging.vegeta.com\/hr\/#organization","name":"Vegeta","url":"https:\/\/staging.vegeta.com\/hr\/","logo":{"@type":"ImageObject","inLanguage":"hr","@id":"https:\/\/staging.vegeta.com\/hr\/#\/schema\/logo\/image\/","url":"https:\/\/cdn.staging.vegeta.com\/cro\/2023\/09\/image-vegeta-app-1024.png","contentUrl":"https:\/\/cdn.staging.vegeta.com\/cro\/2023\/09\/image-vegeta-app-1024.png","width":946,"height":944,"caption":"Vegeta"},"image":{"@id":"https:\/\/staging.vegeta.com\/hr\/#\/schema\/logo\/image\/"}}]}},"_links":{"self":[{"href":"https:\/\/staging.vegeta.com\/hr\/wp-json\/wp\/v2\/pages\/34","targetHints":{"allow":["GET"]}}],"collection":[{"href":"https:\/\/staging.vegeta.com\/hr\/wp-json\/wp\/v2\/pages"}],"about":[{"href":"https:\/\/staging.vegeta.com\/hr\/wp-json\/wp\/v2\/types\/page"}],"author":[{"embeddable":true,"href":"https:\/\/staging.vegeta.com\/hr\/wp-json\/wp\/v2\/users\/3"}],"replies":[{"embeddable":true,"href":"https:\/\/staging.vegeta.com\/hr\/wp-json\/wp\/v2\/comments?post=34"}],"version-history":[{"count":5,"href":"https:\/\/staging.vegeta.com\/hr\/wp-json\/wp\/v2\/pages\/34\/revisions"}],"predecessor-version":[{"id":4073,"href":"https:\/\/staging.vegeta.com\/hr\/wp-json\/wp\/v2\/pages\/34\/revisions\/4073"}],"wp:attachment":[{"href":"https:\/\/staging.vegeta.com\/hr\/wp-json\/wp\/v2\/media?parent=34"}],"curies":[{"name":"wp","href":"https:\/\/api.w.org\/{rel}","templated":true}]}}