{"id":33170,"date":"2025-05-19T08:38:50","date_gmt":"2025-05-19T08:38:50","guid":{"rendered":"https:\/\/staging.vegeta.com\/se\/?page_id=33170"},"modified":"2025-05-29T06:32:56","modified_gmt":"2025-05-29T06:32:56","slug":"teknik","status":"publish","type":"page","link":"https:\/\/staging.vegeta.com\/se\/berattelse-om-kvalitet\/teknik\/","title":{"rendered":"Teknik"},"content":{"rendered":"\n<p>Styrkan i Podravkas varum\u00e4rken och innovationer \u00e4r grundl\u00e4ggande f\u00f6ruts\u00e4ttningar f\u00f6r f\u00f6retagets utveckling och l\u00f6nsamhet.<\/p>\n\n\n\n<p>V\u00e5rt huvudsakliga fokus ligger p\u00e5 att identifiera konsumenters och kunders behov och \u00f6nskem\u00e5l, samt att implementera teknologiska l\u00f6sningar f\u00f6r att uppfylla dessa behov och d\u00e4rigenom s\u00e4kerst\u00e4lla och uppr\u00e4tth\u00e5lla kvalitet och tillf\u00f6rlitlighet.<\/p>\n\n\n\n<p>Genom daglig forskning och informationsinh\u00e4mtning, ofta i samarbete med det vetenskapliga forskarsamh\u00e4llet, identifierar och testar vi nya teknologier och antar de som m\u00f6jligg\u00f6r skapandet av h\u00f6gkvalitativa produkter. Vi l\u00e4gger s\u00e4rskild vikt vid h\u00f6gsta m\u00f6jliga kvalitet och bevarande av smak, n\u00e4ringsv\u00e4rde och produktens anv\u00e4ndbarhet.<\/p>\n\n\n\n<p>Genom att rikta v\u00e5ra anstr\u00e4ngningar mot innovation i alla led av produktutvecklingen skapar, utvecklar och bevarar vi merv\u00e4rde i Podravkas produkter. Inf\u00f6randet av ny teknik m\u00f6jligg\u00f6r effektivare hantering av r\u00e5varor och energi, och skapar f\u00f6ruts\u00e4ttningar f\u00f6r att bedriva verksamheten enligt principerna f\u00f6r h\u00e5llbar utveckling.<\/p>\n\n\n\n<hr class=\"wp-block-separator has-alpha-channel-opacity\"\/>\n\n\n\n<p><strong>Forsknings- och utvecklingslaboratorium f\u00f6r semi-industriell produktion<\/strong><br>Detta laboratorium, som grundades 2008, \u00e4r det enda i sitt slag i regionen. De fr\u00e4msta f\u00f6rdelarna med ett s\u00e5dant laboratorium f\u00f6r Podravka \u00e4r:<\/p>\n\n\n\n<ul class=\"wp-block-list\">\n<li>S\u00e4kerst\u00e4llande av h\u00f6gsta kvalitet,<\/li>\n\n\n\n<li>F\u00f6rkortad tid fr\u00e5n id\u00e9 till marknadslansering,<\/li>\n\n\n\n<li>Kostnadsreduktion genom mindre testproduktioner.<\/li>\n<\/ul>\n\n\n\n<p>F\u00f6rutom att tillgodose Podravkas egna behov \u00e4r pilotlaboratoriet en idealisk plats f\u00f6r forsknings- och utvecklingsprojekt, examens- och forskarutbildningsarbeten samt utbildning.<\/p>\n\n\n\n<p>F\u00f6r ytterligare fr\u00e5gor g\u00e4llande v\u00e5rt laboratorium, v\u00e4nligen kontakta oss via e-post p\u00e5:\u00a0<strong><a href=\"mailto:technology@podravka.hr\">technology@podravka.hr<\/a><\/strong><\/p>\n","protected":false},"excerpt":{"rendered":"<p>Styrkan i Podravkas varum\u00e4rken och innovationer \u00e4r grundl\u00e4ggande f\u00f6ruts\u00e4ttningar f\u00f6r f\u00f6retagets utveckling och l\u00f6nsamhet. V\u00e5rt huvudsakliga fokus ligger p\u00e5 att identifiera konsumenters och kunders behov och \u00f6nskem\u00e5l, samt att implementera teknologiska l\u00f6sningar f\u00f6r att uppfylla dessa behov och d\u00e4rigenom s\u00e4kerst\u00e4lla och uppr\u00e4tth\u00e5lla kvalitet och tillf\u00f6rlitlighet. Genom daglig forskning och informationsinh\u00e4mtning, ofta i samarbete med det [&hellip;]<\/p>\n","protected":false},"author":4459,"featured_media":0,"parent":19,"menu_order":0,"comment_status":"closed","ping_status":"closed","template":"","meta":{"_acf_changed":false,"ep_exclude_from_search":false,"footnotes":""},"class_list":["post-33170","page","type-page","status-publish","hentry"],"acf":[],"yoast_head":"<!-- This site is optimized with the Yoast SEO plugin v25.1 - https:\/\/yoast.com\/wordpress\/plugins\/seo\/ -->\n<title>Teknik - Vegeta<\/title>\n<meta name=\"robots\" content=\"index, follow, max-snippet:-1, max-image-preview:large, max-video-preview:-1\" \/>\n<link rel=\"canonical\" href=\"https:\/\/staging.vegeta.com\/se\/berattelse-om-kvalitet\/teknik\/\" \/>\n<meta property=\"og:locale\" content=\"sv_SE\" \/>\n<meta property=\"og:type\" content=\"article\" \/>\n<meta property=\"og:title\" content=\"Teknik - Vegeta\" \/>\n<meta property=\"og:description\" content=\"Styrkan i Podravkas varum\u00e4rken och innovationer \u00e4r grundl\u00e4ggande f\u00f6ruts\u00e4ttningar f\u00f6r f\u00f6retagets utveckling och l\u00f6nsamhet. V\u00e5rt huvudsakliga fokus ligger p\u00e5 att identifiera konsumenters och kunders behov och \u00f6nskem\u00e5l, samt att implementera teknologiska l\u00f6sningar f\u00f6r att uppfylla dessa behov och d\u00e4rigenom s\u00e4kerst\u00e4lla och uppr\u00e4tth\u00e5lla kvalitet och tillf\u00f6rlitlighet. Genom daglig forskning och informationsinh\u00e4mtning, ofta i samarbete med det [&hellip;]\" \/>\n<meta property=\"og:url\" content=\"https:\/\/staging.vegeta.com\/se\/berattelse-om-kvalitet\/teknik\/\" \/>\n<meta property=\"og:site_name\" content=\"Vegeta\" \/>\n<meta property=\"article:modified_time\" content=\"2025-05-29T06:32:56+00:00\" \/>\n<meta property=\"og:image\" content=\"https:\/\/cdn.vegeta.com\/cro\/2024\/12\/image-social-share-general.png\" \/>\n\t<meta property=\"og:image:width\" content=\"1200\" \/>\n\t<meta property=\"og:image:height\" content=\"630\" \/>\n\t<meta property=\"og:image:type\" content=\"image\/png\" \/>\n<meta name=\"twitter:card\" content=\"summary_large_image\" \/>\n<meta name=\"twitter:label1\" content=\"Est. reading time\" \/>\n\t<meta name=\"twitter:data1\" content=\"2 minutes\" \/>\n<script type=\"application\/ld+json\" class=\"yoast-schema-graph\">{\"@context\":\"https:\/\/schema.org\",\"@graph\":[{\"@type\":\"WebPage\",\"@id\":\"https:\/\/staging.vegeta.com\/se\/berattelse-om-kvalitet\/teknik\/\",\"url\":\"https:\/\/staging.vegeta.com\/se\/berattelse-om-kvalitet\/teknik\/\",\"name\":\"Teknik - Vegeta\",\"isPartOf\":{\"@id\":\"https:\/\/staging.vegeta.com\/se\/#website\"},\"datePublished\":\"2025-05-19T08:38:50+00:00\",\"dateModified\":\"2025-05-29T06:32:56+00:00\",\"breadcrumb\":{\"@id\":\"https:\/\/staging.vegeta.com\/se\/berattelse-om-kvalitet\/teknik\/#breadcrumb\"},\"inLanguage\":\"sv-SE\",\"potentialAction\":[{\"@type\":\"ReadAction\",\"target\":[\"https:\/\/staging.vegeta.com\/se\/berattelse-om-kvalitet\/teknik\/\"]}]},{\"@type\":\"BreadcrumbList\",\"@id\":\"https:\/\/staging.vegeta.com\/se\/berattelse-om-kvalitet\/teknik\/#breadcrumb\",\"itemListElement\":[{\"@type\":\"ListItem\",\"position\":1,\"name\":\"Home\",\"item\":\"https:\/\/staging.vegeta.com\/se\/\"},{\"@type\":\"ListItem\",\"position\":2,\"name\":\"Ber\u00e4ttelse om kvalitet\",\"item\":\"https:\/\/staging.vegeta.com\/se\/berattelse-om-kvalitet\/\"},{\"@type\":\"ListItem\",\"position\":3,\"name\":\"Teknik\"}]},{\"@type\":\"WebSite\",\"@id\":\"https:\/\/staging.vegeta.com\/se\/#website\",\"url\":\"https:\/\/staging.vegeta.com\/se\/\",\"name\":\"Vegeta\",\"description\":\"\",\"publisher\":{\"@id\":\"https:\/\/staging.vegeta.com\/se\/#organization\"},\"potentialAction\":[{\"@type\":\"SearchAction\",\"target\":{\"@type\":\"EntryPoint\",\"urlTemplate\":\"https:\/\/staging.vegeta.com\/se\/?s={search_term_string}\"},\"query-input\":{\"@type\":\"PropertyValueSpecification\",\"valueRequired\":true,\"valueName\":\"search_term_string\"}}],\"inLanguage\":\"sv-SE\"},{\"@type\":\"Organization\",\"@id\":\"https:\/\/staging.vegeta.com\/se\/#organization\",\"name\":\"Vegeta\",\"url\":\"https:\/\/staging.vegeta.com\/se\/\",\"logo\":{\"@type\":\"ImageObject\",\"inLanguage\":\"sv-SE\",\"@id\":\"https:\/\/staging.vegeta.com\/se\/#\/schema\/logo\/image\/\",\"url\":\"https:\/\/cdn.vegeta.com\/cro\/2023\/09\/image-vegeta-app-1024.png\",\"contentUrl\":\"https:\/\/cdn.vegeta.com\/cro\/2023\/09\/image-vegeta-app-1024.png\",\"width\":946,\"height\":944,\"caption\":\"Vegeta\"},\"image\":{\"@id\":\"https:\/\/staging.vegeta.com\/se\/#\/schema\/logo\/image\/\"}}]}<\/script>\n<!-- \/ Yoast SEO plugin. -->","yoast_head_json":{"title":"Teknik - Vegeta","robots":{"index":"index","follow":"follow","max-snippet":"max-snippet:-1","max-image-preview":"max-image-preview:large","max-video-preview":"max-video-preview:-1"},"canonical":"https:\/\/staging.vegeta.com\/se\/berattelse-om-kvalitet\/teknik\/","og_locale":"sv_SE","og_type":"article","og_title":"Teknik - Vegeta","og_description":"Styrkan i Podravkas varum\u00e4rken och innovationer \u00e4r grundl\u00e4ggande f\u00f6ruts\u00e4ttningar f\u00f6r f\u00f6retagets utveckling och l\u00f6nsamhet. V\u00e5rt huvudsakliga fokus ligger p\u00e5 att identifiera konsumenters och kunders behov och \u00f6nskem\u00e5l, samt att implementera teknologiska l\u00f6sningar f\u00f6r att uppfylla dessa behov och d\u00e4rigenom s\u00e4kerst\u00e4lla och uppr\u00e4tth\u00e5lla kvalitet och tillf\u00f6rlitlighet. Genom daglig forskning och informationsinh\u00e4mtning, ofta i samarbete med det [&hellip;]","og_url":"https:\/\/staging.vegeta.com\/se\/berattelse-om-kvalitet\/teknik\/","og_site_name":"Vegeta","article_modified_time":"2025-05-29T06:32:56+00:00","og_image":[{"width":1200,"height":630,"url":"https:\/\/cdn.vegeta.com\/cro\/2024\/12\/image-social-share-general.png","type":"image\/png"}],"twitter_card":"summary_large_image","twitter_misc":{"Est. reading time":"2 minutes"},"schema":{"@context":"https:\/\/schema.org","@graph":[{"@type":"WebPage","@id":"https:\/\/staging.vegeta.com\/se\/berattelse-om-kvalitet\/teknik\/","url":"https:\/\/staging.vegeta.com\/se\/berattelse-om-kvalitet\/teknik\/","name":"Teknik - Vegeta","isPartOf":{"@id":"https:\/\/staging.vegeta.com\/se\/#website"},"datePublished":"2025-05-19T08:38:50+00:00","dateModified":"2025-05-29T06:32:56+00:00","breadcrumb":{"@id":"https:\/\/staging.vegeta.com\/se\/berattelse-om-kvalitet\/teknik\/#breadcrumb"},"inLanguage":"sv-SE","potentialAction":[{"@type":"ReadAction","target":["https:\/\/staging.vegeta.com\/se\/berattelse-om-kvalitet\/teknik\/"]}]},{"@type":"BreadcrumbList","@id":"https:\/\/staging.vegeta.com\/se\/berattelse-om-kvalitet\/teknik\/#breadcrumb","itemListElement":[{"@type":"ListItem","position":1,"name":"Home","item":"https:\/\/staging.vegeta.com\/se\/"},{"@type":"ListItem","position":2,"name":"Ber\u00e4ttelse om kvalitet","item":"https:\/\/staging.vegeta.com\/se\/berattelse-om-kvalitet\/"},{"@type":"ListItem","position":3,"name":"Teknik"}]},{"@type":"WebSite","@id":"https:\/\/staging.vegeta.com\/se\/#website","url":"https:\/\/staging.vegeta.com\/se\/","name":"Vegeta","description":"","publisher":{"@id":"https:\/\/staging.vegeta.com\/se\/#organization"},"potentialAction":[{"@type":"SearchAction","target":{"@type":"EntryPoint","urlTemplate":"https:\/\/staging.vegeta.com\/se\/?s={search_term_string}"},"query-input":{"@type":"PropertyValueSpecification","valueRequired":true,"valueName":"search_term_string"}}],"inLanguage":"sv-SE"},{"@type":"Organization","@id":"https:\/\/staging.vegeta.com\/se\/#organization","name":"Vegeta","url":"https:\/\/staging.vegeta.com\/se\/","logo":{"@type":"ImageObject","inLanguage":"sv-SE","@id":"https:\/\/staging.vegeta.com\/se\/#\/schema\/logo\/image\/","url":"https:\/\/cdn.vegeta.com\/cro\/2023\/09\/image-vegeta-app-1024.png","contentUrl":"https:\/\/cdn.vegeta.com\/cro\/2023\/09\/image-vegeta-app-1024.png","width":946,"height":944,"caption":"Vegeta"},"image":{"@id":"https:\/\/staging.vegeta.com\/se\/#\/schema\/logo\/image\/"}}]}},"_links":{"self":[{"href":"https:\/\/staging.vegeta.com\/se\/wp-json\/wp\/v2\/pages\/33170","targetHints":{"allow":["GET"]}}],"collection":[{"href":"https:\/\/staging.vegeta.com\/se\/wp-json\/wp\/v2\/pages"}],"about":[{"href":"https:\/\/staging.vegeta.com\/se\/wp-json\/wp\/v2\/types\/page"}],"author":[{"embeddable":true,"href":"https:\/\/staging.vegeta.com\/se\/wp-json\/wp\/v2\/users\/4459"}],"replies":[{"embeddable":true,"href":"https:\/\/staging.vegeta.com\/se\/wp-json\/wp\/v2\/comments?post=33170"}],"version-history":[{"count":2,"href":"https:\/\/staging.vegeta.com\/se\/wp-json\/wp\/v2\/pages\/33170\/revisions"}],"predecessor-version":[{"id":33283,"href":"https:\/\/staging.vegeta.com\/se\/wp-json\/wp\/v2\/pages\/33170\/revisions\/33283"}],"up":[{"embeddable":true,"href":"https:\/\/staging.vegeta.com\/se\/wp-json\/wp\/v2\/pages\/19"}],"wp:attachment":[{"href":"https:\/\/staging.vegeta.com\/se\/wp-json\/wp\/v2\/media?parent=33170"}],"curies":[{"name":"wp","href":"https:\/\/api.w.org\/{rel}","templated":true}]}}