{"id":33172,"date":"2025-05-19T08:39:21","date_gmt":"2025-05-19T08:39:21","guid":{"rendered":"https:\/\/staging.vegeta.com\/se\/?page_id=33172"},"modified":"2025-05-29T06:34:01","modified_gmt":"2025-05-29T06:34:01","slug":"policy-for-livsmedelssakerhet-och-kvalitetssystem","status":"publish","type":"page","link":"https:\/\/staging.vegeta.com\/se\/berattelse-om-kvalitet\/policy-for-livsmedelssakerhet-och-kvalitetssystem\/","title":{"rendered":"Policy f\u00f6r Livsmedelss\u00e4kerhet och Kvalitetssystem"},"content":{"rendered":"\n<p>Genom v\u00e5r policy f\u00f6r livsmedelss\u00e4kerhet och kvalitetssystem har vi definierat v\u00e5ra intentioner och v\u00e5r inriktning f\u00f6r att kontinuerligt f\u00f6rb\u00e4ttra v\u00e5ra aff\u00e4rsprocesser, med fokus p\u00e5 att s\u00e4kerst\u00e4lla v\u00e5ra produkters s\u00e4kerhet och kvalitet som ett grundl\u00e4ggande strategiskt m\u00e5l.<\/p>\n\n\n\n<p>Podravka \u00e5tnjuter f\u00f6rtroendet fr\u00e5n m\u00e5nga konsumenter b\u00e5de i regionen och globalt, som har uppskattat f\u00f6retagets f\u00f6retagskultur, vilket resulterar i s\u00e4kra och h\u00f6gkvalitativa produkter och tj\u00e4nster.<\/p>\n\n\n\n<p>F\u00f6retagets st\u00e4ndiga str\u00e4van \u00e4r att uppfylla kunders och intressenters behov och f\u00f6rv\u00e4ntningar samt att \u00f6ka deras tillfredsst\u00e4llelse med Podravkas produkter och tj\u00e4nster.<\/p>\n\n\n\n<p>Den kontinuerliga f\u00f6rb\u00e4ttringen av s\u00e4kerheten och kvaliteten p\u00e5 Podravkas produkter st\u00f6ds genom implementeringen av ledande standarder f\u00f6r livsmedelss\u00e4kerhet s\u00e5som&nbsp;<strong>IFS Food (International Featured Standard \u2013 Food)<\/strong>&nbsp;och&nbsp;<strong>BRCGS Food Safety<\/strong>, vilka certifierar s\u00e4kerheten f\u00f6r f\u00f6retagets produkter. De h\u00f6ga standarderna inom livsmedelss\u00e4kerhet och kvalitetssystem utg\u00f6r ett integrerat ledningssystem som bygger p\u00e5 de grundl\u00e4ggande principerna i standarden&nbsp;<strong>ISO 9001 \u2013 Ledningssystem f\u00f6r kvalitet<\/strong>.<\/p>\n\n\n\n<p>I alla aff\u00e4rsprocesser till\u00e4mpar Podravka en f\u00f6retagskultur med inriktning p\u00e5 ledningssystem och f\u00f6ljer f\u00f6ljande grundprinciper:<\/p>\n\n\n\n<ul class=\"wp-block-list\">\n<li>S\u00e4kerst\u00e4lla och leverera h\u00f6gkvalitativa och s\u00e4kra produkter till alla konsumenter genom hela livsmedelskedjan: fr\u00e5n ink\u00f6p av r\u00e5varor av h\u00f6gsta kvalitet, produktion, till distribution av f\u00e4rdiga produkter p\u00e5 marknaden.<\/li>\n\n\n\n<li>Uppfylla kraven i livsmedelslagstiftningen i Kroatien och p\u00e5 alla marknader d\u00e4r f\u00f6retaget \u00e4r verksamt.<\/li>\n\n\n\n<li>Erk\u00e4nna vikten av och uppfylla kraven relaterade till livsmedelsskydd f\u00f6r att motverka missbruk och f\u00f6rfalskning av produkter, skydda varum\u00e4rken och informera konsumenter om de produkter de konsumerar.<\/li>\n\n\n\n<li>Identifiera och implementera marknadens krav inom livsmedelsindustrin, s\u00e4rskilt inom omr\u00e5det livsmedelss\u00e4kerhet.<\/li>\n\n\n\n<li>Uppr\u00e4tth\u00e5lla och f\u00f6rb\u00e4ttra kommunikationen med leverant\u00f6rer, kunder och alla intressenter i livsmedelskedjan.<\/li>\n\n\n\n<li>Till\u00e4mpa principer f\u00f6r livsmedelss\u00e4kerhet och kvalitetskultur genom att \u00f6ka medvetenheten om vikten av att implementera dessa system p\u00e5 alla niv\u00e5er i f\u00f6retaget.<\/li>\n\n\n\n<li>Respektera tradition och samtidigt inf\u00f6ra moderna trender.<\/li>\n\n\n\n<li>Till\u00e4mpa principer f\u00f6r h\u00e5llbar utveckling.<\/li>\n\n\n\n<li>Hantera risker genom ett integrerat system som omfattar analys av potentiella risker i hela verksamheten, etablering av en kultur f\u00f6r proaktivt och f\u00f6rebyggande agerande samt st\u00e4ndig f\u00f6rb\u00e4ttring av f\u00f6retagets ledningssystem.<\/li>\n\n\n\n<li>St\u00e4ndigt s\u00f6rja f\u00f6r utbildning av medarbetare f\u00f6r att uppn\u00e5 och bibeh\u00e5lla en h\u00f6g niv\u00e5 av teknologisk kunskap och ledarskapskompetens, vilket \u00e4r en av de viktigaste komponenterna f\u00f6r att uppr\u00e4tth\u00e5lla det etablerade systemet f\u00f6r livsmedelss\u00e4kerhet och kvalitet.<\/li>\n<\/ul>\n\n\n\n<p>Baserat p\u00e5 ovanst\u00e5ende bygger och uppr\u00e4tth\u00e5ller Podravka f\u00f6rtroendet och respekten fr\u00e5n sina medarbetare, konsumenter och kunder.Denna policy g\u00e4ller f\u00f6r&nbsp;<strong>Podravka d.d.<\/strong>&nbsp;samt&nbsp;<strong>Podravka d.d.:s f\u00f6rs\u00e4ljningsdotterbolag i utlandet<\/strong>.<\/p>\n","protected":false},"excerpt":{"rendered":"<p>Genom v\u00e5r policy f\u00f6r livsmedelss\u00e4kerhet och kvalitetssystem har vi definierat v\u00e5ra intentioner och v\u00e5r inriktning f\u00f6r att kontinuerligt f\u00f6rb\u00e4ttra v\u00e5ra aff\u00e4rsprocesser, med fokus p\u00e5 att s\u00e4kerst\u00e4lla v\u00e5ra produkters s\u00e4kerhet och kvalitet som ett grundl\u00e4ggande strategiskt m\u00e5l. Podravka \u00e5tnjuter f\u00f6rtroendet fr\u00e5n m\u00e5nga konsumenter b\u00e5de i regionen och globalt, som har uppskattat f\u00f6retagets f\u00f6retagskultur, vilket resulterar i [&hellip;]<\/p>\n","protected":false},"author":4459,"featured_media":0,"parent":19,"menu_order":0,"comment_status":"closed","ping_status":"closed","template":"","meta":{"_acf_changed":false,"ep_exclude_from_search":false,"footnotes":""},"class_list":["post-33172","page","type-page","status-publish","hentry"],"acf":[],"yoast_head":"<!-- This site is optimized with the Yoast SEO plugin v25.1 - https:\/\/yoast.com\/wordpress\/plugins\/seo\/ -->\n<title>Policy f\u00f6r Livsmedelss\u00e4kerhet och Kvalitetssystem - Vegeta<\/title>\n<meta name=\"robots\" content=\"index, follow, max-snippet:-1, max-image-preview:large, max-video-preview:-1\" \/>\n<link rel=\"canonical\" href=\"https:\/\/staging.vegeta.com\/se\/berattelse-om-kvalitet\/policy-for-livsmedelssakerhet-och-kvalitetssystem\/\" \/>\n<meta property=\"og:locale\" content=\"sv_SE\" \/>\n<meta property=\"og:type\" content=\"article\" \/>\n<meta property=\"og:title\" content=\"Policy f\u00f6r Livsmedelss\u00e4kerhet och Kvalitetssystem - Vegeta\" \/>\n<meta property=\"og:description\" content=\"Genom v\u00e5r policy f\u00f6r livsmedelss\u00e4kerhet och kvalitetssystem har vi definierat v\u00e5ra intentioner och v\u00e5r inriktning f\u00f6r att kontinuerligt f\u00f6rb\u00e4ttra v\u00e5ra aff\u00e4rsprocesser, med fokus p\u00e5 att s\u00e4kerst\u00e4lla v\u00e5ra produkters s\u00e4kerhet och kvalitet som ett grundl\u00e4ggande strategiskt m\u00e5l. Podravka \u00e5tnjuter f\u00f6rtroendet fr\u00e5n m\u00e5nga konsumenter b\u00e5de i regionen och globalt, som har uppskattat f\u00f6retagets f\u00f6retagskultur, vilket resulterar i [&hellip;]\" \/>\n<meta property=\"og:url\" content=\"https:\/\/staging.vegeta.com\/se\/berattelse-om-kvalitet\/policy-for-livsmedelssakerhet-och-kvalitetssystem\/\" \/>\n<meta property=\"og:site_name\" content=\"Vegeta\" \/>\n<meta property=\"article:modified_time\" content=\"2025-05-29T06:34:01+00:00\" \/>\n<meta property=\"og:image\" content=\"https:\/\/cdn.vegeta.com\/cro\/2024\/12\/image-social-share-general.png\" \/>\n\t<meta property=\"og:image:width\" content=\"1200\" \/>\n\t<meta property=\"og:image:height\" content=\"630\" \/>\n\t<meta property=\"og:image:type\" content=\"image\/png\" \/>\n<meta name=\"twitter:card\" content=\"summary_large_image\" \/>\n<meta name=\"twitter:label1\" content=\"Est. reading time\" \/>\n\t<meta name=\"twitter:data1\" content=\"2 minutes\" \/>\n<script type=\"application\/ld+json\" class=\"yoast-schema-graph\">{\"@context\":\"https:\/\/schema.org\",\"@graph\":[{\"@type\":\"WebPage\",\"@id\":\"https:\/\/staging.vegeta.com\/se\/berattelse-om-kvalitet\/policy-for-livsmedelssakerhet-och-kvalitetssystem\/\",\"url\":\"https:\/\/staging.vegeta.com\/se\/berattelse-om-kvalitet\/policy-for-livsmedelssakerhet-och-kvalitetssystem\/\",\"name\":\"Policy f\u00f6r Livsmedelss\u00e4kerhet och Kvalitetssystem - Vegeta\",\"isPartOf\":{\"@id\":\"https:\/\/staging.vegeta.com\/se\/#website\"},\"datePublished\":\"2025-05-19T08:39:21+00:00\",\"dateModified\":\"2025-05-29T06:34:01+00:00\",\"breadcrumb\":{\"@id\":\"https:\/\/staging.vegeta.com\/se\/berattelse-om-kvalitet\/policy-for-livsmedelssakerhet-och-kvalitetssystem\/#breadcrumb\"},\"inLanguage\":\"sv-SE\",\"potentialAction\":[{\"@type\":\"ReadAction\",\"target\":[\"https:\/\/staging.vegeta.com\/se\/berattelse-om-kvalitet\/policy-for-livsmedelssakerhet-och-kvalitetssystem\/\"]}]},{\"@type\":\"BreadcrumbList\",\"@id\":\"https:\/\/staging.vegeta.com\/se\/berattelse-om-kvalitet\/policy-for-livsmedelssakerhet-och-kvalitetssystem\/#breadcrumb\",\"itemListElement\":[{\"@type\":\"ListItem\",\"position\":1,\"name\":\"Home\",\"item\":\"https:\/\/staging.vegeta.com\/se\/\"},{\"@type\":\"ListItem\",\"position\":2,\"name\":\"Ber\u00e4ttelse om kvalitet\",\"item\":\"https:\/\/staging.vegeta.com\/se\/berattelse-om-kvalitet\/\"},{\"@type\":\"ListItem\",\"position\":3,\"name\":\"Policy f\u00f6r Livsmedelss\u00e4kerhet och Kvalitetssystem\"}]},{\"@type\":\"WebSite\",\"@id\":\"https:\/\/staging.vegeta.com\/se\/#website\",\"url\":\"https:\/\/staging.vegeta.com\/se\/\",\"name\":\"Vegeta\",\"description\":\"\",\"publisher\":{\"@id\":\"https:\/\/staging.vegeta.com\/se\/#organization\"},\"potentialAction\":[{\"@type\":\"SearchAction\",\"target\":{\"@type\":\"EntryPoint\",\"urlTemplate\":\"https:\/\/staging.vegeta.com\/se\/?s={search_term_string}\"},\"query-input\":{\"@type\":\"PropertyValueSpecification\",\"valueRequired\":true,\"valueName\":\"search_term_string\"}}],\"inLanguage\":\"sv-SE\"},{\"@type\":\"Organization\",\"@id\":\"https:\/\/staging.vegeta.com\/se\/#organization\",\"name\":\"Vegeta\",\"url\":\"https:\/\/staging.vegeta.com\/se\/\",\"logo\":{\"@type\":\"ImageObject\",\"inLanguage\":\"sv-SE\",\"@id\":\"https:\/\/staging.vegeta.com\/se\/#\/schema\/logo\/image\/\",\"url\":\"https:\/\/cdn.vegeta.com\/cro\/2023\/09\/image-vegeta-app-1024.png\",\"contentUrl\":\"https:\/\/cdn.vegeta.com\/cro\/2023\/09\/image-vegeta-app-1024.png\",\"width\":946,\"height\":944,\"caption\":\"Vegeta\"},\"image\":{\"@id\":\"https:\/\/staging.vegeta.com\/se\/#\/schema\/logo\/image\/\"}}]}<\/script>\n<!-- \/ Yoast SEO plugin. -->","yoast_head_json":{"title":"Policy f\u00f6r Livsmedelss\u00e4kerhet och Kvalitetssystem - Vegeta","robots":{"index":"index","follow":"follow","max-snippet":"max-snippet:-1","max-image-preview":"max-image-preview:large","max-video-preview":"max-video-preview:-1"},"canonical":"https:\/\/staging.vegeta.com\/se\/berattelse-om-kvalitet\/policy-for-livsmedelssakerhet-och-kvalitetssystem\/","og_locale":"sv_SE","og_type":"article","og_title":"Policy f\u00f6r Livsmedelss\u00e4kerhet och Kvalitetssystem - Vegeta","og_description":"Genom v\u00e5r policy f\u00f6r livsmedelss\u00e4kerhet och kvalitetssystem har vi definierat v\u00e5ra intentioner och v\u00e5r inriktning f\u00f6r att kontinuerligt f\u00f6rb\u00e4ttra v\u00e5ra aff\u00e4rsprocesser, med fokus p\u00e5 att s\u00e4kerst\u00e4lla v\u00e5ra produkters s\u00e4kerhet och kvalitet som ett grundl\u00e4ggande strategiskt m\u00e5l. Podravka \u00e5tnjuter f\u00f6rtroendet fr\u00e5n m\u00e5nga konsumenter b\u00e5de i regionen och globalt, som har uppskattat f\u00f6retagets f\u00f6retagskultur, vilket resulterar i [&hellip;]","og_url":"https:\/\/staging.vegeta.com\/se\/berattelse-om-kvalitet\/policy-for-livsmedelssakerhet-och-kvalitetssystem\/","og_site_name":"Vegeta","article_modified_time":"2025-05-29T06:34:01+00:00","og_image":[{"width":1200,"height":630,"url":"https:\/\/cdn.vegeta.com\/cro\/2024\/12\/image-social-share-general.png","type":"image\/png"}],"twitter_card":"summary_large_image","twitter_misc":{"Est. reading time":"2 minutes"},"schema":{"@context":"https:\/\/schema.org","@graph":[{"@type":"WebPage","@id":"https:\/\/staging.vegeta.com\/se\/berattelse-om-kvalitet\/policy-for-livsmedelssakerhet-och-kvalitetssystem\/","url":"https:\/\/staging.vegeta.com\/se\/berattelse-om-kvalitet\/policy-for-livsmedelssakerhet-och-kvalitetssystem\/","name":"Policy f\u00f6r Livsmedelss\u00e4kerhet och Kvalitetssystem - Vegeta","isPartOf":{"@id":"https:\/\/staging.vegeta.com\/se\/#website"},"datePublished":"2025-05-19T08:39:21+00:00","dateModified":"2025-05-29T06:34:01+00:00","breadcrumb":{"@id":"https:\/\/staging.vegeta.com\/se\/berattelse-om-kvalitet\/policy-for-livsmedelssakerhet-och-kvalitetssystem\/#breadcrumb"},"inLanguage":"sv-SE","potentialAction":[{"@type":"ReadAction","target":["https:\/\/staging.vegeta.com\/se\/berattelse-om-kvalitet\/policy-for-livsmedelssakerhet-och-kvalitetssystem\/"]}]},{"@type":"BreadcrumbList","@id":"https:\/\/staging.vegeta.com\/se\/berattelse-om-kvalitet\/policy-for-livsmedelssakerhet-och-kvalitetssystem\/#breadcrumb","itemListElement":[{"@type":"ListItem","position":1,"name":"Home","item":"https:\/\/staging.vegeta.com\/se\/"},{"@type":"ListItem","position":2,"name":"Ber\u00e4ttelse om kvalitet","item":"https:\/\/staging.vegeta.com\/se\/berattelse-om-kvalitet\/"},{"@type":"ListItem","position":3,"name":"Policy f\u00f6r Livsmedelss\u00e4kerhet och Kvalitetssystem"}]},{"@type":"WebSite","@id":"https:\/\/staging.vegeta.com\/se\/#website","url":"https:\/\/staging.vegeta.com\/se\/","name":"Vegeta","description":"","publisher":{"@id":"https:\/\/staging.vegeta.com\/se\/#organization"},"potentialAction":[{"@type":"SearchAction","target":{"@type":"EntryPoint","urlTemplate":"https:\/\/staging.vegeta.com\/se\/?s={search_term_string}"},"query-input":{"@type":"PropertyValueSpecification","valueRequired":true,"valueName":"search_term_string"}}],"inLanguage":"sv-SE"},{"@type":"Organization","@id":"https:\/\/staging.vegeta.com\/se\/#organization","name":"Vegeta","url":"https:\/\/staging.vegeta.com\/se\/","logo":{"@type":"ImageObject","inLanguage":"sv-SE","@id":"https:\/\/staging.vegeta.com\/se\/#\/schema\/logo\/image\/","url":"https:\/\/cdn.vegeta.com\/cro\/2023\/09\/image-vegeta-app-1024.png","contentUrl":"https:\/\/cdn.vegeta.com\/cro\/2023\/09\/image-vegeta-app-1024.png","width":946,"height":944,"caption":"Vegeta"},"image":{"@id":"https:\/\/staging.vegeta.com\/se\/#\/schema\/logo\/image\/"}}]}},"_links":{"self":[{"href":"https:\/\/staging.vegeta.com\/se\/wp-json\/wp\/v2\/pages\/33172","targetHints":{"allow":["GET"]}}],"collection":[{"href":"https:\/\/staging.vegeta.com\/se\/wp-json\/wp\/v2\/pages"}],"about":[{"href":"https:\/\/staging.vegeta.com\/se\/wp-json\/wp\/v2\/types\/page"}],"author":[{"embeddable":true,"href":"https:\/\/staging.vegeta.com\/se\/wp-json\/wp\/v2\/users\/4459"}],"replies":[{"embeddable":true,"href":"https:\/\/staging.vegeta.com\/se\/wp-json\/wp\/v2\/comments?post=33172"}],"version-history":[{"count":2,"href":"https:\/\/staging.vegeta.com\/se\/wp-json\/wp\/v2\/pages\/33172\/revisions"}],"predecessor-version":[{"id":33282,"href":"https:\/\/staging.vegeta.com\/se\/wp-json\/wp\/v2\/pages\/33172\/revisions\/33282"}],"up":[{"embeddable":true,"href":"https:\/\/staging.vegeta.com\/se\/wp-json\/wp\/v2\/pages\/19"}],"wp:attachment":[{"href":"https:\/\/staging.vegeta.com\/se\/wp-json\/wp\/v2\/media?parent=33172"}],"curies":[{"name":"wp","href":"https:\/\/api.w.org\/{rel}","templated":true}]}}