{"id":34,"date":"2023-05-09T11:35:02","date_gmt":"2023-05-09T11:35:02","guid":{"rendered":"https:\/\/staging.vegeta.com\/hr\/?page_id=34"},"modified":"2024-03-12T22:27:56","modified_gmt":"2024-03-12T22:27:56","slug":"pravila-in-pogoji-uporabe","status":"publish","type":"page","link":"https:\/\/staging.vegeta.com\/si\/pravila-in-pogoji-uporabe\/","title":{"rendered":"Pravila in pogoji uporabe"},"content":{"rendered":"\n<p>Spletno stran&nbsp;<a href=\"http:\/\/www.vegeta.si\">www.vegeta.si<\/a>&nbsp;(v nadaljevanju spletno mesto) je pripravila in jo ureja Podravka, d. d., (v nadaljevanju Podravka ali mi).<\/p>\n\n\n\n<p>Po prvi uporabi spletnega mesta bomo predvidevali, da ste se v celoti seznanili s temi pogoji, da jih razumete in sprejemate. \u010ce z njimi ne sogla\u0161ate, vas prosimo, da ne dostopate do spletnega mesta in ne uporabljate njegovih vsebin. \u010ce imate kakr\u0161na koli vpra\u0161anja ali vam kaj ni jasno v zvezi s Pogoji uporabe, vas prosimo, da se obrnete na Podravko d.o.o., prek e-naslova&nbsp;<a href=\"mailto:info@podravka.si\">info@podravka.si<\/a><\/p>\n\n\n\n<p>Podobo in vsebino spletnega mesta ter Pogoje uporabe lahko zaradi dolo\u010denih razlogov spremenimo, zato vas prosimo, da si jih ob\u010dasno ogledate, da bi se seznanili z morebitnimi spremembami. \u010ce boste spletno mesto uporabljali tudi pozneje, bo to za nas pomenilo, da ste sprejeli vse morebitne spremembe.<\/p>\n\n\n\n<p>Predmetni pogoji se nana\u0161ajo na naslednja podro\u010dja:<\/p>\n\n\n\n<ol class=\"wp-block-list\">\n<li>Pogoji uporabe<\/li>\n\n\n\n<li>Avtorske in druge pravice intelektualnega lastni\u0161tva<\/li>\n\n\n\n<li>Jamstva in omejitev pravic<\/li>\n\n\n\n<li>Varstvo osebnih podatkov, zaupnost, pi\u0161kotki (cookies)<\/li>\n\n\n\n<li>Statistika<\/li>\n\n\n\n<li>Povezave<\/li>\n\n\n\n<li>Spremembe ali prenehanje veljavnosti pogojev uporabe<\/li>\n<\/ol>\n\n\n\n<h2 class=\"wp-block-heading\">1. Pogoji uporabe<\/h2>\n\n\n\n<h3 class=\"wp-block-heading\"><strong>Dovoljena uporaba<\/strong><\/h3>\n\n\n\n<p>Prenos in tiskanje katerega koli obrazca (npr. za naro\u010dilo) ter pregled drugih gradiv in vsebin na tem naslovu so mogo\u010di samo v zasebne namene. Prepovedani so javno prikazovanje, prena\u0161anje, objavljanje, spreminjanje, reproduciranje, distribuiranje, sodelovanje pri prenosu ali prodaji, izdelavi kopij, po\u0161iljanju in vsaki drugi vrsti uporabe celovite vsebine spletnega mesta ali enega njegovega dela. Prav tako je prepovedano izbrati in usklajevati vsebino spletnega mesta, in sicer brez izrecnega pisnega dovoljenja Podravke, d. d., ter drugih nosilcev avtorskih in drugih pravic intelektualnega lastni\u0161tva. \u010ce je taka privolitev izdana, ni dovoljeno brisati ali spreminjati obstoje\u010dih podatkov, ki se nana\u0161ajo na avtorske pravice in\/ali trgovsko znamko ali druge pravice intelektualnega lastni\u0161tva.<\/p>\n\n\n\n<h3 class=\"wp-block-heading\"><strong>Uporaba v trgovske namene<\/strong><\/h3>\n\n\n\n<p>Prepovedano je uporabljati spletno mesto za trgovino, prodajo in v druge trgovske namene, razen nakupa od Podravke, d. d. Objavljanje reklam ali zbiranje ponudb za izdelke in storitve ni dovoljeno brez pisnega dovoljenja Podravke. Prepovedano je prena\u0161anje in objavljanje \u017ealjivih, vulgarnih, grozilnih ali nevljudnih oziroma na drug na\u010din nesprejemljivih ali protizakonitih vsebin ter tistih, s katerimi se kr\u0161ijo pravice katere koli strani, posebej pa vsebin, ki vsebujejo viruse ali drugo \u0161kodljivo gradivo. Uporabniki prevzemajo odgovornost za vsako \u0161kodo, ki je posledica njihovih dejavnosti in niso v skladu s predhodno navedenim, kakor tudi za vsako drugo vrsto \u0161kode, ki bi lahko izvirala iz tega. Podravka, d. d., si pridr\u017euje pravico (ne pa tudi obveznosti), da gradiva in vsebine, ki jih uporabniki objavljajo na spletnem mestu, v celoti ali delno izbri\u0161e.&nbsp; &nbsp;&nbsp;<\/p>\n\n\n\n<h3 class=\"wp-block-heading\"><strong>Posredovanje vsebin in gradiv<\/strong><\/h3>\n\n\n\n<p>S posredovanjem vsebin in gradiv (vklju\u010dno, vendar ne izklju\u010dno, s predlogi, z idejami, risbami, recepti) na ta naslov, Podravki, d. d., samodejno predate (ali jam\u010dite, da je lastnik gradiva izrecno dovolil) nepreklicne, stalne ter ekskluzivne pravice in licenco za uporabo, prilagajanje, spreminjanje, vklju\u010devanje v druga dela, prevode, objavljanje, prenos ter distribucijo omenjenega gradiva v kateri koli obliki in z vsemi do zdaj znanimi ter bodo\u010dimi mediji za kateri koli namen in brez nadomestila. Pogoji iz te to\u010dke veljajo tudi po prenehanju veljavnosti teh Pogojev.<\/p>\n\n\n\n<h2 class=\"wp-block-heading\">2. Avtorske in druge pravice intelektualnega lastni\u0161tva<\/h2>\n\n\n\n<p>Vsebina spletnega mesta je za\u0161\u010ditena z avtorskimi pravicami, ki pripadajo Podravki, d. d., ali pa so prepu\u0161\u010deni Podravki, d. d., ter so last tretjih oseb. Podravka, d. d., ima avtorsko pravico urejanja, izbire in usklajevanja vsebine spletnega mesta. Spletna stran prav tako vsebuje za\u0161\u010ditne znake, imena posameznikov in druge vsebine intelektualnega lastni\u0161tva v lastni\u0161tvu Podravke, d. d., ali tretjih oseb, Podravka pa je nosilec licence. Nobena vsebina na spletnem mestu se ne sme uporabljati neomejeno. Lahko zahtevate dovoljenje za razmno\u017eevanje gradiva.<\/p>\n\n\n\n<h3 class=\"wp-block-heading\"><strong>Slike in video<\/strong><\/h3>\n\n\n\n<p>Vse fotografije, slike, video zapisi, biografski podatki oseb in\/ali druga gradiva, ki se pojavljajo na spletnem mestu, so izklju\u010dno lastni\u0161tvo Podravke, d. d. Avtorske in vse druge pravice intelektualnega lastni\u0161tva nad vsemi gradivi na spletnem mestu pripadajo Podravki, d. d. Vse pravice so pridr\u017eane. Poslovnim subjektom je dovoljeno, da gradivo uporabijo izklju\u010dno v promocijske, uredni\u0161ke in informativne namene za objavo v \u010dasopisu, revijah in elektronskih medijih. Druga\u010dna uporaba gradiva s spletnega mesta ni dovoljena. Prav tako ni dovoljena uporaba katerega koli gradiva s spletnega mesta v zvezi s prodajo ali z nudenjem na prodaj izdelkov ali storitev katere koli vrste. Opredeljeno dovoljenje in na\u010din uporabe spletnega mesta se ne smeta prena\u0161ati, prepustiti tretjim osebam ali podeliti, vsak tovrstni namerni poskus se \u0161teje kot ni\u010den. Medijski uporabniki se z uporabo gradiv s spletnega mesta obve\u017eejo, da bodo upo\u0161tevali dolo\u010dene omejitve, pogoje in zahteve.<\/p>\n\n\n\n<h2 class=\"wp-block-heading\">3. Jamstva in omejitev pravic<\/h2>\n\n\n\n<p>Podravka, d. d., se trudi, da bi bili na spletnem mestu objavljeni to\u010dni in aktualni podatki, vendar ne prevzema odgovornosti za to\u010dnost ter popolnost le-teh, prav tako se ni mogo\u010de prito\u017eiti. Poleg jamstva za izdelke, ki jih je Podravka, d. d., izrecno objavila, poudarjamo, da je vsa gradiva in vsebine na spletnem mestu treba razumeti \u00bbtake, kot so\u00ab, Podravka, d. d., ni odgovorna za morebitne posledice, ki lahko izhajajo iz druga\u010dne razlage gradiva in vsebine na spletnem mestu. Podravka, d. d., ne zagotavlja, da bo spletno mesto vedno dostopno in na razpolago ter da ne bo vsebovalo napak in virusov. Vsak uporabnik izrecno sprejema uporabo spletnega mesta na lastno odgovornost.&nbsp;&nbsp;&nbsp;<\/p>\n\n\n\n<p>Podravka, d. d., ni odgovorna za \u0161kodo ali po\u0161kodovanje (vklju\u010dno, vendar ne izklju\u010dno, posebno ali posledi\u010dno \u0161kodo), ki je lahko posledica uporabe ali nezmo\u017enosti uporabe katerega koli dela spletnega mesta ali vsebine, ki so jo objavili ali dodali drugi uporabniki.<\/p>\n\n\n\n<p>Medijski subjekti in drugi uporabniki, ki uporabljajo spletno mesto, izrecno sprejmejo, da bodo poravnali \u0161kodo Podravki, d. d., v primeru kakr\u0161nih koli terjatev, stro\u0161kov ali odgovornosti, ki bi nastali z nevestno uporabo gradiv na spletnem mestu na strani istega uporabnika, vklju\u010dno s kakr\u0161no koli neposredno, posredno, slu\u010dajno, posebno ali posledi\u010dno \u0161kodo. &nbsp;&nbsp;<\/p>\n\n\n\n<p>Podravka, d. d., in dobavitelji prav tako ne sprejmejo nobene zakonske odgovornosti za to\u010dnost, popolnost ali uporabnost podatkov, naprav, izdelkov ali postopkov, ki so prikazani, ter ne jam\u010dijo, da uporaba informacij, naprav, izdelkov ali postopkov ne bo kr\u0161ila zasebnih pravic.<\/p>\n\n\n\n<h3 class=\"wp-block-heading\"><strong><strong>Omejitve pravic glede ogla\u0161evanja<\/strong><\/strong><\/h3>\n\n\n\n<p>Omenjanje katerega koli dolo\u010denega izdelka, postopka sli storitve, ki ima tr\u017eno ime, za\u0161\u010ditni znak, proizvajalca in podobno, ne pomeni, da ga Podravka, d. d., ali kateri koli od zaposlenih ter dobaviteljev ogla\u0161uje, priporo\u010da ali mu je naklonjen.<\/p>\n\n\n\n<h3 class=\"wp-block-heading\"><strong>Omejitev pravic na zunanje povezave<\/strong><\/h3>\n\n\n\n<p>Prikazovanje zunanjih hiperpovezav ne pomeni, da Podravka, d. d., dobavitelji ali pokrovitelji ogla\u0161ujejo tovrstna zunanja spletna mesta, informacije, izdelke ali storitve, ki jih vsebuje. Podravka, d. d., ali kateri koli od zaposlenih, pokroviteljev ali dobaviteljev nima nadzora nad informacijami, ki jih vsebujejo tovrstna zunanja mesta. Zunanje povezave na spletnem mestu so v skladu s politiko Podravke, d. d., ki ni odgovorna za vsebino katere koli povezane strani, ki jo je dobila od svojih stre\u017enikov. Povezave lahko vklju\u010dujejo besedilne povezave, male slike, ikone ali sli\u010dice, ki prikazujejo povezavo, vendar ne ogla\u0161ujejo izdelka ali storitve.<\/p>\n\n\n\n<h2 class=\"wp-block-heading\">4. Registracija<\/h2>\n\n\n\n<p>Z registracijo na spletni strani postanete \u010dlan skupnosti, ki vam omogo\u010da brezpla\u010dno uporabo interaktivne vsebine, o katerih se uporabnike obve\u0161\u010da na samih spletnih straneh znotraj spletne strani.&nbsp;<\/p>\n\n\n\n<p>Z registracijo se dobi mo\u017enost hranjenja zanimive vsebine v uporabni\u0161kem ra\u010dunu uporabnika.&nbsp;<\/p>\n\n\n\n<p>Registrirajo se lahko le polnoletne osebe, ki sprejmejo ta pravila in pogoje uporabe in se seznanite z na\u010dinom zbiranja, obdelave in uporabe va\u0161ih osebnih podatkov, ki jih vnesete v skladu s Pravili za\u0161\u010dite zasebnosti. Pri registraciji ste dol\u017eni vnesti resni\u010dne podatke. Navajanje imen ali naslovov drugih oseb ter psevdonimov ni dovoljeno. V teh primerih si pridr\u017eujemo pravico izbrisati podatke brez prehodnega obvestila.&nbsp;<\/p>\n\n\n\n<p>Pri registracii lahko izberete mo\u017enost prejemanja brezpla\u010dnih elektronskih promocijskih sporo\u010dil o novostih na spletni strani (e-newsletter) ter ostalih posebnih sporo\u010dil. V primeru izbora prejemanja posebnih sporo\u010dil sogla\u0161ate s prejemanjem promocijskih ter ostalih sporo\u010dil o proizvodih in storitvah povezanih s kulinariko, prehrano in podobnimi vsebinami. Prijavite se lahko tudi na spletne raziskave, povezane z vsebino spletne strani ter proizvodnim programom Podravke.&nbsp;<\/p>\n\n\n\n<p>Registrirani uuporabniki podatkov za prijavo, kot so npr. elektronski naslov, uporabni\u0161ko ime in\/ali geslo, ne smejo posredovati tretjim osebam. Uporabnik mora podatke, ki so potrebni za dostop do uporabni\u0161ke ra\u010duna, skrbno varovati&nbsp; in prepre\u010diti nepoobla\u0161\u010den dostop do svojega uporabni\u0161kega ra\u010duna. \u010ce uporabnik izve, da je pri\u0161lo do zlorabe njegovih podatkov, je dol\u017ean o tem nemudoma obvestiti na\u0161e uredni\u0161tvo.&nbsp;<\/p>\n\n\n\n<p>Uporabnik odgovornost za malomarno ravnanje s svojimi prijavnimi podatki nosi sam. To velja predvsem za nepoobla\u0161\u010deno posredovanje podatkov in njihovo malomarno shranjevanje, zaradi \u010desar bi lahko pri\u0161lo do zlorabe.&nbsp;<\/p>\n\n\n\n<p>Uporabni\u0161ki ra\u010dun je uporabnikom na voljo brezpla\u010dno in za nedolo\u010den \u010das. Pridr\u017eujemo si pravico, da kadar koli brez navajanja razlogov posameznim uporabnikom prepre\u010dimo registracijo ali uporabo Vegeta uporabni\u0161ke ra\u010duna. Prav tako si pridr\u017eujemo pravico do sprememb ali ukinitve spletne strani ali uporabni\u0161kega ra\u010duna v celoti ali samo dolo\u010denih storitev.&nbsp;<\/p>\n\n\n\n<p>Uporabnik lahko kadar koli izbri\u0161e uporabni\u0161ki ra\u010dun in\/ali preneha uporabljati eno ali ve\u010d storitev tako, da svojo zahtevo sporo\u010di&nbsp; na elektronski naslov <a href=\"mailto:info@podravka.si\">info@podravka.si<\/a>.&nbsp;&nbsp;<\/p>\n\n\n\n<p>Z izbrisom uporabni\u0161kega ra\u010duna ne preneha veljati odgovornost uporabnika za povzro\u010deno \u0161kodo, ki je bila povzro\u010dena v \u010dasu trajanja registracije.<\/p>\n\n\n\n<h2 class=\"wp-block-heading\">5. Povezave<\/h2>\n\n\n\n<p>Po svojih najbolj\u0161ih mo\u010deh se trudimo zagotoviti, da vas in\/ali va\u0161ega otroka vse preusmeritve napotijo na spletne strani, katerih vsebina je kakovostna v smislu, da ne spodbuja negativnosti. Vendar se spletne strani in naslovi hitro spreminjajo in ne moremo vedno jam\u010diti za vsebino vsakega naslova, na katerega vas usmerimo.<\/p>\n\n\n\n<h2 class=\"wp-block-heading\">6. Spremembe ali prenehanje veljavnosti pogojev uporabe<\/h2>\n\n\n\n<p>Podravka, d. d., si pridr\u017euje pravico do spremembe ali prenehanja spletnega mesta (njegovega dela ali v celoti) in pogojev uporabe v katerem koli trenutku. Spremembe za\u010dnejo veljati z objavo na tem naslovu ali ko so uporabniki obve\u0161\u010deni o njih. Pogoji uporabe veljajo vse do va\u0161e ali Podravkine prekinitve. Va\u0161a prekinitev je mogo\u010da v vsakem trenutku in pomeni prenehanje uporabe spletnega mesta ter uni\u010denje vseh gradiv in vsebin, prenesenih s tega spletnega mesta.<\/p>\n\n\n\n<p>A\u017eurirano 05.03.2023.<\/p>\n","protected":false},"excerpt":{"rendered":"<p>Spletno stran&nbsp;www.vegeta.si&nbsp;(v nadaljevanju spletno mesto) je pripravila in jo ureja Podravka, d. d., (v nadaljevanju Podravka ali mi). Po prvi uporabi spletnega mesta bomo predvidevali, da ste se v celoti seznanili s temi pogoji, da jih razumete in sprejemate. \u010ce z njimi ne sogla\u0161ate, vas prosimo, da ne dostopate do spletnega mesta in ne uporabljate [&hellip;]<\/p>\n","protected":false},"author":3,"featured_media":0,"parent":0,"menu_order":0,"comment_status":"closed","ping_status":"closed","template":"","meta":{"_acf_changed":false,"ep_exclude_from_search":false,"footnotes":""},"class_list":["post-34","page","type-page","status-publish","hentry"],"acf":[],"yoast_head":"<!-- This site is optimized with the Yoast SEO plugin v25.1 - https:\/\/yoast.com\/wordpress\/plugins\/seo\/ -->\n<title>Pravila in pogoji uporabe - Vegeta<\/title>\n<meta name=\"robots\" content=\"index, follow, max-snippet:-1, max-image-preview:large, max-video-preview:-1\" \/>\n<link rel=\"canonical\" href=\"https:\/\/staging.vegeta.com\/si\/pravila-in-pogoji-uporabe\/\" \/>\n<meta property=\"og:locale\" content=\"sl_SI\" \/>\n<meta property=\"og:type\" content=\"article\" \/>\n<meta property=\"og:title\" content=\"Pravila in pogoji uporabe - Vegeta\" \/>\n<meta property=\"og:description\" content=\"Spletno stran&nbsp;www.vegeta.si&nbsp;(v nadaljevanju spletno mesto) je pripravila in jo ureja Podravka, d. d., (v nadaljevanju Podravka ali mi). Po prvi uporabi spletnega mesta bomo predvidevali, da ste se v celoti seznanili s temi pogoji, da jih razumete in sprejemate. \u010ce z njimi ne sogla\u0161ate, vas prosimo, da ne dostopate do spletnega mesta in ne uporabljate [&hellip;]\" \/>\n<meta property=\"og:url\" content=\"https:\/\/staging.vegeta.com\/si\/pravila-in-pogoji-uporabe\/\" \/>\n<meta property=\"og:site_name\" content=\"Vegeta\" \/>\n<meta property=\"article:modified_time\" content=\"2024-03-12T22:27:56+00:00\" \/>\n<meta property=\"og:image\" content=\"https:\/\/cdn.staging.vegeta.com\/slo\/2025\/10\/SEO_img_5.jpg\" \/>\n\t<meta property=\"og:image:width\" content=\"1200\" \/>\n\t<meta property=\"og:image:height\" content=\"630\" \/>\n\t<meta property=\"og:image:type\" content=\"image\/jpeg\" \/>\n<meta name=\"twitter:card\" content=\"summary_large_image\" \/>\n<meta name=\"twitter:label1\" content=\"Est. reading time\" \/>\n\t<meta name=\"twitter:data1\" content=\"9 minutes\" \/>\n<script type=\"application\/ld+json\" class=\"yoast-schema-graph\">{\"@context\":\"https:\/\/schema.org\",\"@graph\":[{\"@type\":\"WebPage\",\"@id\":\"https:\/\/staging.vegeta.com\/si\/pravila-in-pogoji-uporabe\/\",\"url\":\"https:\/\/staging.vegeta.com\/si\/pravila-in-pogoji-uporabe\/\",\"name\":\"Pravila in pogoji uporabe - Vegeta\",\"isPartOf\":{\"@id\":\"https:\/\/staging.vegeta.com\/si\/#website\"},\"datePublished\":\"2023-05-09T11:35:02+00:00\",\"dateModified\":\"2024-03-12T22:27:56+00:00\",\"breadcrumb\":{\"@id\":\"https:\/\/staging.vegeta.com\/si\/pravila-in-pogoji-uporabe\/#breadcrumb\"},\"inLanguage\":\"sl-SI\",\"potentialAction\":[{\"@type\":\"ReadAction\",\"target\":[\"https:\/\/staging.vegeta.com\/si\/pravila-in-pogoji-uporabe\/\"]}]},{\"@type\":\"BreadcrumbList\",\"@id\":\"https:\/\/staging.vegeta.com\/si\/pravila-in-pogoji-uporabe\/#breadcrumb\",\"itemListElement\":[{\"@type\":\"ListItem\",\"position\":1,\"name\":\"Home\",\"item\":\"https:\/\/staging.vegeta.com\/si\/\"},{\"@type\":\"ListItem\",\"position\":2,\"name\":\"Pravila in pogoji uporabe\"}]},{\"@type\":\"WebSite\",\"@id\":\"https:\/\/staging.vegeta.com\/si\/#website\",\"url\":\"https:\/\/staging.vegeta.com\/si\/\",\"name\":\"Vegeta\",\"description\":\"\",\"publisher\":{\"@id\":\"https:\/\/staging.vegeta.com\/si\/#organization\"},\"potentialAction\":[{\"@type\":\"SearchAction\",\"target\":{\"@type\":\"EntryPoint\",\"urlTemplate\":\"https:\/\/staging.vegeta.com\/si\/?s={search_term_string}\"},\"query-input\":{\"@type\":\"PropertyValueSpecification\",\"valueRequired\":true,\"valueName\":\"search_term_string\"}}],\"inLanguage\":\"sl-SI\"},{\"@type\":\"Organization\",\"@id\":\"https:\/\/staging.vegeta.com\/si\/#organization\",\"name\":\"Vegeta\",\"url\":\"https:\/\/staging.vegeta.com\/si\/\",\"logo\":{\"@type\":\"ImageObject\",\"inLanguage\":\"sl-SI\",\"@id\":\"https:\/\/staging.vegeta.com\/si\/#\/schema\/logo\/image\/\",\"url\":\"https:\/\/cdn.staging.vegeta.com\/slo\/2023\/09\/image-vegeta-app-1024.png\",\"contentUrl\":\"https:\/\/cdn.staging.vegeta.com\/slo\/2023\/09\/image-vegeta-app-1024.png\",\"width\":946,\"height\":944,\"caption\":\"Vegeta\"},\"image\":{\"@id\":\"https:\/\/staging.vegeta.com\/si\/#\/schema\/logo\/image\/\"}}]}<\/script>\n<!-- \/ Yoast SEO plugin. -->","yoast_head_json":{"title":"Pravila in pogoji uporabe - Vegeta","robots":{"index":"index","follow":"follow","max-snippet":"max-snippet:-1","max-image-preview":"max-image-preview:large","max-video-preview":"max-video-preview:-1"},"canonical":"https:\/\/staging.vegeta.com\/si\/pravila-in-pogoji-uporabe\/","og_locale":"sl_SI","og_type":"article","og_title":"Pravila in pogoji uporabe - Vegeta","og_description":"Spletno stran&nbsp;www.vegeta.si&nbsp;(v nadaljevanju spletno mesto) je pripravila in jo ureja Podravka, d. d., (v nadaljevanju Podravka ali mi). Po prvi uporabi spletnega mesta bomo predvidevali, da ste se v celoti seznanili s temi pogoji, da jih razumete in sprejemate. \u010ce z njimi ne sogla\u0161ate, vas prosimo, da ne dostopate do spletnega mesta in ne uporabljate [&hellip;]","og_url":"https:\/\/staging.vegeta.com\/si\/pravila-in-pogoji-uporabe\/","og_site_name":"Vegeta","article_modified_time":"2024-03-12T22:27:56+00:00","og_image":[{"width":1200,"height":630,"url":"https:\/\/cdn.staging.vegeta.com\/slo\/2025\/10\/SEO_img_5.jpg","type":"image\/jpeg"}],"twitter_card":"summary_large_image","twitter_misc":{"Est. reading time":"9 minutes"},"schema":{"@context":"https:\/\/schema.org","@graph":[{"@type":"WebPage","@id":"https:\/\/staging.vegeta.com\/si\/pravila-in-pogoji-uporabe\/","url":"https:\/\/staging.vegeta.com\/si\/pravila-in-pogoji-uporabe\/","name":"Pravila in pogoji uporabe - Vegeta","isPartOf":{"@id":"https:\/\/staging.vegeta.com\/si\/#website"},"datePublished":"2023-05-09T11:35:02+00:00","dateModified":"2024-03-12T22:27:56+00:00","breadcrumb":{"@id":"https:\/\/staging.vegeta.com\/si\/pravila-in-pogoji-uporabe\/#breadcrumb"},"inLanguage":"sl-SI","potentialAction":[{"@type":"ReadAction","target":["https:\/\/staging.vegeta.com\/si\/pravila-in-pogoji-uporabe\/"]}]},{"@type":"BreadcrumbList","@id":"https:\/\/staging.vegeta.com\/si\/pravila-in-pogoji-uporabe\/#breadcrumb","itemListElement":[{"@type":"ListItem","position":1,"name":"Home","item":"https:\/\/staging.vegeta.com\/si\/"},{"@type":"ListItem","position":2,"name":"Pravila in pogoji uporabe"}]},{"@type":"WebSite","@id":"https:\/\/staging.vegeta.com\/si\/#website","url":"https:\/\/staging.vegeta.com\/si\/","name":"Vegeta","description":"","publisher":{"@id":"https:\/\/staging.vegeta.com\/si\/#organization"},"potentialAction":[{"@type":"SearchAction","target":{"@type":"EntryPoint","urlTemplate":"https:\/\/staging.vegeta.com\/si\/?s={search_term_string}"},"query-input":{"@type":"PropertyValueSpecification","valueRequired":true,"valueName":"search_term_string"}}],"inLanguage":"sl-SI"},{"@type":"Organization","@id":"https:\/\/staging.vegeta.com\/si\/#organization","name":"Vegeta","url":"https:\/\/staging.vegeta.com\/si\/","logo":{"@type":"ImageObject","inLanguage":"sl-SI","@id":"https:\/\/staging.vegeta.com\/si\/#\/schema\/logo\/image\/","url":"https:\/\/cdn.staging.vegeta.com\/slo\/2023\/09\/image-vegeta-app-1024.png","contentUrl":"https:\/\/cdn.staging.vegeta.com\/slo\/2023\/09\/image-vegeta-app-1024.png","width":946,"height":944,"caption":"Vegeta"},"image":{"@id":"https:\/\/staging.vegeta.com\/si\/#\/schema\/logo\/image\/"}}]}},"_links":{"self":[{"href":"https:\/\/staging.vegeta.com\/si\/wp-json\/wp\/v2\/pages\/34","targetHints":{"allow":["GET"]}}],"collection":[{"href":"https:\/\/staging.vegeta.com\/si\/wp-json\/wp\/v2\/pages"}],"about":[{"href":"https:\/\/staging.vegeta.com\/si\/wp-json\/wp\/v2\/types\/page"}],"author":[{"embeddable":true,"href":"https:\/\/staging.vegeta.com\/si\/wp-json\/wp\/v2\/users\/3"}],"replies":[{"embeddable":true,"href":"https:\/\/staging.vegeta.com\/si\/wp-json\/wp\/v2\/comments?post=34"}],"version-history":[{"count":10,"href":"https:\/\/staging.vegeta.com\/si\/wp-json\/wp\/v2\/pages\/34\/revisions"}],"predecessor-version":[{"id":4703,"href":"https:\/\/staging.vegeta.com\/si\/wp-json\/wp\/v2\/pages\/34\/revisions\/4703"}],"wp:attachment":[{"href":"https:\/\/staging.vegeta.com\/si\/wp-json\/wp\/v2\/media?parent=34"}],"curies":[{"name":"wp","href":"https:\/\/api.w.org\/{rel}","templated":true}]}}