{"id":5349,"date":"2024-03-18T09:14:14","date_gmt":"2024-03-18T09:14:14","guid":{"rendered":"https:\/\/staging.vegeta.com\/si\/?page_id=5349"},"modified":"2024-03-18T09:27:43","modified_gmt":"2024-03-18T09:27:43","slug":"pravilnik-sodelovanja-v-nagradni-igri-nagrajujemo-dober-okus","status":"publish","type":"page","link":"https:\/\/staging.vegeta.com\/si\/pravilnik-sodelovanja-v-nagradni-igri-nagrajujemo-dober-okus\/","title":{"rendered":"Pravilnik sodelovanja v nagradni igri \u00bbNAGRAJUJEMO DOBER OKUS\u00ab\u00a0"},"content":{"rendered":"\n<p><strong>ORGANIZATOR&nbsp;<\/strong><\/p>\n\n\n\n<p>1. \u010dlen&nbsp;<\/p>\n\n\n\n<p>Ta Pravilnik dolo\u010da pravila in pogoje sodelovanja v nagradni igri \u00bbNagrajujemo dober okus\u00ab, katere organizator je dru\u017eba Podravka d.o.o. Ljubljana, Moskovska ulica 1, 1000 Ljubljana, mati\u010dna \u0161tevilka: 5539064000 ID za DDV: SI27079457 (v nadaljevanju Organizator oz. Podravka). Pravila nagradne igre so objavljena na spletni strani <a href=\"http:\/\/www.podravka.si\">www.podravka.si<\/a>.<\/p>\n\n\n\n<p><strong>NAMEN NAGRADNE IGRE&nbsp;<\/strong><\/p>\n\n\n\n<p>2. \u010dlen&nbsp;<\/p>\n\n\n\n<p>Namen organiziranja nagradne igre je promocija izdelkov blagovnih znamk Podravka, Vegeta in Fant.&nbsp;<\/p>\n\n\n\n<p><strong>TRAJANJE NAGRADNE IGRE&nbsp;<\/strong><\/p>\n\n\n\n<p>3. \u010dlen&nbsp;<\/p>\n\n\n\n<p>Nagradna igra traja od 15.3.2024 do vklju\u010dno 15.4.2024 do 24.00 ure.&nbsp;<\/p>\n\n\n\n<p><strong>ORGANIZACIJA IN NA\u010cIN SODELOVANJA V NAGRADNI IGRI&nbsp;<\/strong><\/p>\n\n\n\n<p>4. \u010dlen&nbsp;<\/p>\n\n\n\n<p>4.1 V nagradni igri lahko sodelujejo polnoletne fizi\u010dne osebe s stalnim prebivali\u0161\u010dem v Republiki Sloveniji, ki sprejemajo pravila in pogoje sodelovanja v nagradni igri, objavljene na spletni strani www.podravka.si. Zaposleni pri Organizatorju, njihovi o\u017eji dru\u017einski \u010dlani (zakonec, zunajzakonski partner ali partner iz registrirane istospolne partnerske skupnosti, otroci oziroma posvojenci, vnuki, bratje in sestre ter star\u0161i oziroma posvojitelji zaposlenega) ter vse druge pravne in fizi\u010dne osebe, ki sodelujejo pri organizaciji nagradne igre ali zaposleni v podjetjih, ki so kakorkoli povezani s poslovanjem Organizatorja, v nagradni igri ne smejo sodelovati. Mladoletne osebe lahko sodelujejo v nagradni igri na podlagi pisne odobritve star\u0161ev oz. zakonitega zastopnika.&nbsp;<\/p>\n\n\n\n<p>4.2 Sodelovanje v nagradni igri je mogo\u010de na dva na\u010dina:\u00a0<\/p>\n\n\n\n<p>1. na\u010din<\/p>\n\n\n\n<p>Posameznik v \u010dasu trajanja nagradne igre kupi 2 izdelka Podravka (velja samo za Podravka juhe in Podravka ju\u0161ne kocke), Vegeta ali Fant ter po\u0161lje ra\u010dun kot dokazilo o nakupu izdelkov v zaprti kuverti do vklju\u010dno 15.4.2024 (velja datum po\u0161tnega \u017eiga), na naslov Podravka d.o.o. Ljubljana, Moskovska ulica 1, 1000 Ljubljana (nagradna igra Podravka, Vegeta, Fant).&nbsp;<\/p>\n\n\n\n<p>Nepravilnih, pomanjkljivih, nepopolnih ter zapoznelih po\u0161iljk organizator ne bo upo\u0161teval.&nbsp;<\/p>\n\n\n\n<p>Vsak udele\u017eenec, ki bo v nagradni igri sodeloval s prijavo na zgoraj naveden na\u010din, sodeluje v nagradni igri z 1 (eno) unikatno prijavo. Kot unikatna prijava \u0161teje \u0161tevilka ra\u010duna, to pomeni, da se vsak posamezni ra\u010dun lahko uporabi samo enkrat. Posameznik lahko, v primeru, da v nagradni igri sodeluje z nakupom, sodeluje ve\u010dkrat \u2013 vendar z razli\u010dnimi ra\u010duni. V primeru, da je ra\u010dun z isto \u0161tevilko ponovno poslan s strani iste ali druge osebe, se ta prijava razglasi za neveljavno in ne bo uvr\u0161\u010dena v \u017erebanje.<\/p>\n\n\n\n<p>Iz ra\u010duna mora biti razvidno, da sta bila kupljena 2 izdelka Podravka*, Vegeta ali Fant (*velja za Podravka juhe in Podravka kocke).\u00a0<\/p>\n\n\n\n<p>2. na\u010din<\/p>\n\n\n\n<p>Sodelovanje v \u017erebanju za Podravka nagrade (1x pe\u010dica Gorenje, 2x cvrtnik Gorenje, 5x set posode Gorenje in 10x darilni paket Podravka) je mo\u017eno tudi brez nakupa. Posameznik napi\u0161e recept svoje najljub\u0161e jedi in recept po\u0161lje v zaprti kuverti do vklju\u010dno 15.4.2024 (velja datum po\u0161tnega \u017eiga), na&nbsp; naslov Podravka d.o.o. Ljubljana, Moskovska ulica 1, 1000 Ljubljana (nagradna igra Podravka, Vegeta, Fant).<\/p>\n\n\n\n<p>4.3. Nagrad ni mo\u017eno zamenjati za denar, druge nagrade ali storitve. Slike na promocijskem materialu so simboli\u010dne narave.&nbsp;<\/p>\n\n\n\n<p><strong>\u017dREBANJE NAGRAD&nbsp;<\/strong><\/p>\n\n\n\n<p>5. \u010dlen&nbsp;<\/p>\n\n\n\n<p>5.1 \u017drebanje glavne nagrade bo potekalo dne 22.4.2024. Med vsemi veljavnimi po\u0161iljkami, ki bodo vklju\u010devale ra\u010dun za nakup izdelkov Podravka (velja samo za Podravka juhe in Podravka ju\u0161ne kocke), Vegeta ali Fant ali ki bodo vsebovale recept in ki bodo do 15.4.2024 pravo\u010dasno prispele na naslov Podravka d.o.o., Moskovska ulica 1, 1000 Ljubljana, bomo iz\u017erebali nagrajence.&nbsp;<\/p>\n\n\n\n<p>6. \u010dlen&nbsp;<\/p>\n\n\n\n<p>6.1 O poteku \u017erebanja se vodi zapisnik, ki mora vsebovati vsaj naslednje podatke: kraj in \u010das \u017erebanja, skupno \u0161tevilo prijav, datum in naziv elektronskega ali drugega javnega medija, v katerem so bila Pravila nagradne igre objavljena, imena in priimki \u010dlanov komisije, na\u010din \u017erebanja dobitnikov in naziv ter vrednost nagrade posameznega dobitnika. Zapisnik podpi\u0161ejo vsi \u010dlani komisije.&nbsp;<\/p>\n\n\n\n<p>6.2 Rezultati \u017erebanja so dokon\u010dni, prito\u017eba na rezultate \u017erebanja ni mogo\u010da.&nbsp;<\/p>\n\n\n\n<p><strong>DOBITNIKI NAGRAD&nbsp;<\/strong><\/p>\n\n\n\n<p>7. \u010dlen&nbsp;<\/p>\n\n\n\n<p>Imena ter kraj bivanja dobitnikov bodo objavljeni na spletni strani www.podravka.si najkasneje v 10 delovnih dneh po \u017erebanju. Dobitniki nagrad bodo o prejemu nagrade obve\u0161\u010deni pisno po po\u0161ti. Dobitniki nagrad s sodelovanjem in potrditvijo, da se strinjajo s splo\u0161nimi pogoji sodelovanja v nagradni igri, sogla\u0161ajo, da se njihovo ime in kraj bivanja ter prejete nagrade objavijo na omenjeni spletni strani. V primeru mladoletnikov je za objavo podatkov na internetni strani potrebno pridobiti pisno soglasje zakonitih zastopnikov. Organizator bo v imenu in za ra\u010dun nagrajencev obra\u010dunal in pla\u010dal akontacijo dohodnine za prejete nagrade skladno z veljavno zakonodajo, zato morajo prejemniki nagrad pred izro\u010ditvijo nagrade Organizatorju posredovati tudi njihovo dav\u010dno \u0161tevilko.&nbsp;<\/p>\n\n\n\n<p><strong>PREVZEM NAGRAD&nbsp;<\/strong><\/p>\n\n\n\n<p>8. \u010dlen&nbsp;<\/p>\n\n\n\n<p>8.1 Dobitniki nagrade, ki so izpolnili pogoje po tem Pravilniku, dobijo nagrade po po\u0161ti v 30 dneh od datuma \u017erebanja, na naslov, ki ga bo dobitnik posredoval organizatorju.&nbsp;<\/p>\n\n\n\n<p>8.2 Mladoletnik je lahko dobitnik nagrade in jo lahko prejme v primeru, da star\u0161i ali zakoniti zastopniki mladoletnika pisno pristanejo in se strinjajo s tem Pravilnikom in nagrado v imenu mladoletnika tudi prevzamejo.&nbsp;<\/p>\n\n\n\n<p>8.3 S trenutkom prevzema nagrade oziroma po potrebi s podpisom posebnega dogovora ali izjave o prevzemu nagrade, prenehajo vse obveze Organizatorja do dobitnika.&nbsp;<\/p>\n\n\n\n<p><strong>PREKINITEV NAGRADNE IGRE&nbsp;<\/strong><\/p>\n\n\n\n<p>9. \u010dlen&nbsp;<\/p>\n\n\n\n<p>Nagradna igra se lahko prekine samo v primeru, da nastopijo okoli\u0161\u010dine, za katere Organizator ni odgovoren, oziroma jih ni mogel prepre\u010diti, odpraviti ali se jim izogniti. Sodelujo\u010di bodo o morebitni prekinitvi nagradne igre obve\u0161\u010deni preko elektronskih ali drugih javnih medijev.&nbsp;<\/p>\n\n\n\n<p><strong>VARSTVO PODATKOV&nbsp;<\/strong><\/p>\n\n\n\n<p>10. \u010dlen&nbsp;<\/p>\n\n\n\n<p>1.01 Organizator se obvezuje, da bo vse prejete osebne podatke obdeloval in varoval v skladu z Zakonom o varstvu osebnih podatkov (ZVOP-2) in Splo\u0161no uredbo EU o varstvu osebnih podatkov (GDPR). Sodelujo\u010di v nagradni igri Organizatorju kot upravljavcu osebnih podatkov dovoljujejo, da do preklica sodelujo\u010dega vodi, vzdr\u017euje in obdeluje zbirko njihovih zbranih osebnih podatkov izklju\u010dno za namene obve\u0161\u010danja o nagradni igri. Po koncu nagradne igre ali na podlagi preklica se Organizator zavezuje nepreklicno izbrisati vse pridobljene podatke o sodelujo\u010dih. Sodelujo\u010di v nagradni igri lahko po\u0161lje pisni preklic soglasja za obdelavo podatkov na naslov Podravka d.o.o. Ljubljana, Moskovska ulica 1, 1000 Ljubljana, ki velja z u\u010dinkom za naprej. Organizator je dol\u017ean osebne podatke izbrisati iz svojih evidenc v roku 15 dni od prejema zahteve. Sodelujo\u010di ima pravico do vpogleda, prepisa, kopiranja, dopolnitve, popravka, blokiranja in izbrisa osebnih podatkov, ki se nana\u0161ajo nanj.&nbsp;<\/p>\n\n\n\n<p>10.2 Organizator se zavezuje, da osebnih podatkov ne bo posredoval tretjim osebam, razen \u010de je to potrebno zaradi izvedbe nagradne igre. Sodelujo\u010di je seznanjen in se izrecno strinja, da lahko&nbsp;<\/p>\n\n\n\n<p>Organizator posamezna opravila v zvezi z obdelavo pridobljenih osebnih podatkov zaupa pogodbenemu obdelovalcu, skladno z veljavno zakonodajo.&nbsp;<\/p>\n\n\n\n<p>KON\u010cNE DOLO\u010cBE&nbsp;<\/p>\n\n\n\n<p>11. \u010dlen&nbsp;<\/p>\n\n\n\n<p>11.1 Sodelujo\u010di, ki sodeluje v nagradni igri, s prijavo izrecno izjavlja, da je seznanjen s Pravilnikom sodelovanja v nagradni igri ter z njim sogla\u0161a. Pravilnik pri\u010dne veljati z dnem javne objave na spletni strani www.podravka.si.&nbsp;<\/p>\n\n\n\n<p>Organizator si pridr\u017euje pravico do sprememb Pravilnika, \u010de to zahtevajo vzroki tehni\u010dne ali izvedbene narave, vzroki na strani javnosti ter drugi vzroki (vi\u0161ja sila). Spremembe bodo komunicirane pisno.&nbsp;<\/p>\n\n\n\n<p>Za predmetna pravila nagradne igre velja pravo, veljavno na obmo\u010dju Republike Slovenije.&nbsp;<\/p>\n\n\n\n<p>Za spore, nastale v zvezi s to nagradno igro, ki jih ne bo mogo\u010de sporazumno re\u0161iti, bo pristojno stvarno pristojno sodi\u0161\u010de v Ljubljani.&nbsp;<\/p>\n\n\n\n<p>Ljubljana, dne, 20.2.2024&nbsp;<\/p>\n\n\n\n<p>Organizator:&nbsp;<\/p>\n\n\n\n<p>Podravka d.o.o. LJUBLJANA<\/p>\n","protected":false},"excerpt":{"rendered":"<p>ORGANIZATOR&nbsp; 1. \u010dlen&nbsp; Ta Pravilnik dolo\u010da pravila in pogoje sodelovanja v nagradni igri \u00bbNagrajujemo dober okus\u00ab, katere organizator je dru\u017eba Podravka d.o.o. Ljubljana, Moskovska ulica 1, 1000 Ljubljana, mati\u010dna \u0161tevilka: 5539064000 ID za DDV: SI27079457 (v nadaljevanju Organizator oz. Podravka). Pravila nagradne igre so objavljena na spletni strani www.podravka.si. NAMEN NAGRADNE IGRE&nbsp; 2. \u010dlen&nbsp; Namen [&hellip;]<\/p>\n","protected":false},"author":2,"featured_media":0,"parent":0,"menu_order":0,"comment_status":"closed","ping_status":"closed","template":"","meta":{"_acf_changed":false,"ep_exclude_from_search":false,"footnotes":""},"class_list":["post-5349","page","type-page","status-publish","hentry"],"acf":[],"yoast_head":"<!-- This site is optimized with the Yoast SEO plugin v25.1 - https:\/\/yoast.com\/wordpress\/plugins\/seo\/ -->\n<title>Pravilnik sodelovanja v nagradni igri \u00bbNAGRAJUJEMO DOBER OKUS\u00ab\u00a0 - Vegeta<\/title>\n<meta name=\"robots\" content=\"index, follow, max-snippet:-1, max-image-preview:large, max-video-preview:-1\" \/>\n<link rel=\"canonical\" href=\"https:\/\/staging.vegeta.com\/si\/pravilnik-sodelovanja-v-nagradni-igri-nagrajujemo-dober-okus\/\" \/>\n<meta property=\"og:locale\" content=\"sl_SI\" \/>\n<meta property=\"og:type\" content=\"article\" \/>\n<meta property=\"og:title\" content=\"Pravilnik sodelovanja v nagradni igri \u00bbNAGRAJUJEMO DOBER OKUS\u00ab\u00a0 - Vegeta\" \/>\n<meta property=\"og:description\" content=\"ORGANIZATOR&nbsp; 1. \u010dlen&nbsp; Ta Pravilnik dolo\u010da pravila in pogoje sodelovanja v nagradni igri \u00bbNagrajujemo dober okus\u00ab, katere organizator je dru\u017eba Podravka d.o.o. Ljubljana, Moskovska ulica 1, 1000 Ljubljana, mati\u010dna \u0161tevilka: 5539064000 ID za DDV: SI27079457 (v nadaljevanju Organizator oz. Podravka). Pravila nagradne igre so objavljena na spletni strani www.podravka.si. NAMEN NAGRADNE IGRE&nbsp; 2. \u010dlen&nbsp; Namen [&hellip;]\" \/>\n<meta property=\"og:url\" content=\"https:\/\/staging.vegeta.com\/si\/pravilnik-sodelovanja-v-nagradni-igri-nagrajujemo-dober-okus\/\" \/>\n<meta property=\"og:site_name\" content=\"Vegeta\" \/>\n<meta property=\"article:modified_time\" content=\"2024-03-18T09:27:43+00:00\" \/>\n<meta property=\"og:image\" content=\"https:\/\/cdn.staging.vegeta.com\/slo\/2025\/10\/SEO_img_5.jpg\" \/>\n\t<meta property=\"og:image:width\" content=\"1200\" \/>\n\t<meta property=\"og:image:height\" content=\"630\" \/>\n\t<meta property=\"og:image:type\" content=\"image\/jpeg\" \/>\n<meta name=\"twitter:card\" content=\"summary_large_image\" \/>\n<meta name=\"twitter:label1\" content=\"Est. reading time\" \/>\n\t<meta name=\"twitter:data1\" content=\"7 minutes\" \/>\n<script type=\"application\/ld+json\" class=\"yoast-schema-graph\">{\"@context\":\"https:\/\/schema.org\",\"@graph\":[{\"@type\":\"WebPage\",\"@id\":\"https:\/\/staging.vegeta.com\/si\/pravilnik-sodelovanja-v-nagradni-igri-nagrajujemo-dober-okus\/\",\"url\":\"https:\/\/staging.vegeta.com\/si\/pravilnik-sodelovanja-v-nagradni-igri-nagrajujemo-dober-okus\/\",\"name\":\"Pravilnik sodelovanja v nagradni igri \u00bbNAGRAJUJEMO DOBER OKUS\u00ab\u00a0 - Vegeta\",\"isPartOf\":{\"@id\":\"https:\/\/staging.vegeta.com\/si\/#website\"},\"datePublished\":\"2024-03-18T09:14:14+00:00\",\"dateModified\":\"2024-03-18T09:27:43+00:00\",\"breadcrumb\":{\"@id\":\"https:\/\/staging.vegeta.com\/si\/pravilnik-sodelovanja-v-nagradni-igri-nagrajujemo-dober-okus\/#breadcrumb\"},\"inLanguage\":\"sl-SI\",\"potentialAction\":[{\"@type\":\"ReadAction\",\"target\":[\"https:\/\/staging.vegeta.com\/si\/pravilnik-sodelovanja-v-nagradni-igri-nagrajujemo-dober-okus\/\"]}]},{\"@type\":\"BreadcrumbList\",\"@id\":\"https:\/\/staging.vegeta.com\/si\/pravilnik-sodelovanja-v-nagradni-igri-nagrajujemo-dober-okus\/#breadcrumb\",\"itemListElement\":[{\"@type\":\"ListItem\",\"position\":1,\"name\":\"Home\",\"item\":\"https:\/\/staging.vegeta.com\/si\/\"},{\"@type\":\"ListItem\",\"position\":2,\"name\":\"Pravilnik sodelovanja v nagradni igri \u00bbNAGRAJUJEMO DOBER OKUS\u00ab\u00a0\"}]},{\"@type\":\"WebSite\",\"@id\":\"https:\/\/staging.vegeta.com\/si\/#website\",\"url\":\"https:\/\/staging.vegeta.com\/si\/\",\"name\":\"Vegeta\",\"description\":\"\",\"publisher\":{\"@id\":\"https:\/\/staging.vegeta.com\/si\/#organization\"},\"potentialAction\":[{\"@type\":\"SearchAction\",\"target\":{\"@type\":\"EntryPoint\",\"urlTemplate\":\"https:\/\/staging.vegeta.com\/si\/?s={search_term_string}\"},\"query-input\":{\"@type\":\"PropertyValueSpecification\",\"valueRequired\":true,\"valueName\":\"search_term_string\"}}],\"inLanguage\":\"sl-SI\"},{\"@type\":\"Organization\",\"@id\":\"https:\/\/staging.vegeta.com\/si\/#organization\",\"name\":\"Vegeta\",\"url\":\"https:\/\/staging.vegeta.com\/si\/\",\"logo\":{\"@type\":\"ImageObject\",\"inLanguage\":\"sl-SI\",\"@id\":\"https:\/\/staging.vegeta.com\/si\/#\/schema\/logo\/image\/\",\"url\":\"https:\/\/cdn.staging.vegeta.com\/slo\/2023\/09\/image-vegeta-app-1024.png\",\"contentUrl\":\"https:\/\/cdn.staging.vegeta.com\/slo\/2023\/09\/image-vegeta-app-1024.png\",\"width\":946,\"height\":944,\"caption\":\"Vegeta\"},\"image\":{\"@id\":\"https:\/\/staging.vegeta.com\/si\/#\/schema\/logo\/image\/\"}}]}<\/script>\n<!-- \/ Yoast SEO plugin. -->","yoast_head_json":{"title":"Pravilnik sodelovanja v nagradni igri \u00bbNAGRAJUJEMO DOBER OKUS\u00ab\u00a0 - Vegeta","robots":{"index":"index","follow":"follow","max-snippet":"max-snippet:-1","max-image-preview":"max-image-preview:large","max-video-preview":"max-video-preview:-1"},"canonical":"https:\/\/staging.vegeta.com\/si\/pravilnik-sodelovanja-v-nagradni-igri-nagrajujemo-dober-okus\/","og_locale":"sl_SI","og_type":"article","og_title":"Pravilnik sodelovanja v nagradni igri \u00bbNAGRAJUJEMO DOBER OKUS\u00ab\u00a0 - Vegeta","og_description":"ORGANIZATOR&nbsp; 1. \u010dlen&nbsp; Ta Pravilnik dolo\u010da pravila in pogoje sodelovanja v nagradni igri \u00bbNagrajujemo dober okus\u00ab, katere organizator je dru\u017eba Podravka d.o.o. Ljubljana, Moskovska ulica 1, 1000 Ljubljana, mati\u010dna \u0161tevilka: 5539064000 ID za DDV: SI27079457 (v nadaljevanju Organizator oz. Podravka). Pravila nagradne igre so objavljena na spletni strani www.podravka.si. NAMEN NAGRADNE IGRE&nbsp; 2. \u010dlen&nbsp; Namen [&hellip;]","og_url":"https:\/\/staging.vegeta.com\/si\/pravilnik-sodelovanja-v-nagradni-igri-nagrajujemo-dober-okus\/","og_site_name":"Vegeta","article_modified_time":"2024-03-18T09:27:43+00:00","og_image":[{"width":1200,"height":630,"url":"https:\/\/cdn.staging.vegeta.com\/slo\/2025\/10\/SEO_img_5.jpg","type":"image\/jpeg"}],"twitter_card":"summary_large_image","twitter_misc":{"Est. reading time":"7 minutes"},"schema":{"@context":"https:\/\/schema.org","@graph":[{"@type":"WebPage","@id":"https:\/\/staging.vegeta.com\/si\/pravilnik-sodelovanja-v-nagradni-igri-nagrajujemo-dober-okus\/","url":"https:\/\/staging.vegeta.com\/si\/pravilnik-sodelovanja-v-nagradni-igri-nagrajujemo-dober-okus\/","name":"Pravilnik sodelovanja v nagradni igri \u00bbNAGRAJUJEMO DOBER OKUS\u00ab\u00a0 - Vegeta","isPartOf":{"@id":"https:\/\/staging.vegeta.com\/si\/#website"},"datePublished":"2024-03-18T09:14:14+00:00","dateModified":"2024-03-18T09:27:43+00:00","breadcrumb":{"@id":"https:\/\/staging.vegeta.com\/si\/pravilnik-sodelovanja-v-nagradni-igri-nagrajujemo-dober-okus\/#breadcrumb"},"inLanguage":"sl-SI","potentialAction":[{"@type":"ReadAction","target":["https:\/\/staging.vegeta.com\/si\/pravilnik-sodelovanja-v-nagradni-igri-nagrajujemo-dober-okus\/"]}]},{"@type":"BreadcrumbList","@id":"https:\/\/staging.vegeta.com\/si\/pravilnik-sodelovanja-v-nagradni-igri-nagrajujemo-dober-okus\/#breadcrumb","itemListElement":[{"@type":"ListItem","position":1,"name":"Home","item":"https:\/\/staging.vegeta.com\/si\/"},{"@type":"ListItem","position":2,"name":"Pravilnik sodelovanja v nagradni igri \u00bbNAGRAJUJEMO DOBER OKUS\u00ab\u00a0"}]},{"@type":"WebSite","@id":"https:\/\/staging.vegeta.com\/si\/#website","url":"https:\/\/staging.vegeta.com\/si\/","name":"Vegeta","description":"","publisher":{"@id":"https:\/\/staging.vegeta.com\/si\/#organization"},"potentialAction":[{"@type":"SearchAction","target":{"@type":"EntryPoint","urlTemplate":"https:\/\/staging.vegeta.com\/si\/?s={search_term_string}"},"query-input":{"@type":"PropertyValueSpecification","valueRequired":true,"valueName":"search_term_string"}}],"inLanguage":"sl-SI"},{"@type":"Organization","@id":"https:\/\/staging.vegeta.com\/si\/#organization","name":"Vegeta","url":"https:\/\/staging.vegeta.com\/si\/","logo":{"@type":"ImageObject","inLanguage":"sl-SI","@id":"https:\/\/staging.vegeta.com\/si\/#\/schema\/logo\/image\/","url":"https:\/\/cdn.staging.vegeta.com\/slo\/2023\/09\/image-vegeta-app-1024.png","contentUrl":"https:\/\/cdn.staging.vegeta.com\/slo\/2023\/09\/image-vegeta-app-1024.png","width":946,"height":944,"caption":"Vegeta"},"image":{"@id":"https:\/\/staging.vegeta.com\/si\/#\/schema\/logo\/image\/"}}]}},"_links":{"self":[{"href":"https:\/\/staging.vegeta.com\/si\/wp-json\/wp\/v2\/pages\/5349","targetHints":{"allow":["GET"]}}],"collection":[{"href":"https:\/\/staging.vegeta.com\/si\/wp-json\/wp\/v2\/pages"}],"about":[{"href":"https:\/\/staging.vegeta.com\/si\/wp-json\/wp\/v2\/types\/page"}],"author":[{"embeddable":true,"href":"https:\/\/staging.vegeta.com\/si\/wp-json\/wp\/v2\/users\/2"}],"replies":[{"embeddable":true,"href":"https:\/\/staging.vegeta.com\/si\/wp-json\/wp\/v2\/comments?post=5349"}],"version-history":[{"count":7,"href":"https:\/\/staging.vegeta.com\/si\/wp-json\/wp\/v2\/pages\/5349\/revisions"}],"predecessor-version":[{"id":5375,"href":"https:\/\/staging.vegeta.com\/si\/wp-json\/wp\/v2\/pages\/5349\/revisions\/5375"}],"wp:attachment":[{"href":"https:\/\/staging.vegeta.com\/si\/wp-json\/wp\/v2\/media?parent=5349"}],"curies":[{"name":"wp","href":"https:\/\/api.w.org\/{rel}","templated":true}]}}